{"id":464,"date":"2024-06-29T14:17:16","date_gmt":"2024-06-29T14:17:16","guid":{"rendered":"https:\/\/www.suluarbitration.com\/situacion-actual-la-version-resumida-que-es-el-caso-del-arbitraje-sulu-y-en-que-punto-se-encuentra\/una-mirada-rapida-al-proceso-legal-del-arbitraje\/"},"modified":"2024-07-11T06:23:03","modified_gmt":"2024-07-11T06:23:03","slug":"una-mirada-rapida-al-proceso-legal-del-arbitraje","status":"publish","type":"page","link":"https:\/\/www.suluarbitration.com\/es\/que-es-el-caso-del-arbitraje-de-sulu\/una-mirada-rapida-al-proceso-legal-del-arbitraje\/","title":{"rendered":"Una mirada r\u00e1pida al proceso legal del arbitraje:"},"content":{"rendered":"<div class=\"fusion-fullwidth fullwidth-box fusion-builder-row-1 fusion-flex-container has-pattern-background has-mask-background nonhundred-percent-fullwidth non-hundred-percent-height-scrolling\" style=\"--awb-border-radius-top-left:0px;--awb-border-radius-top-right:0px;--awb-border-radius-bottom-right:0px;--awb-border-radius-bottom-left:0px;--awb-padding-top:4%;--awb-padding-right:4%;--awb-padding-bottom:4%;--awb-padding-left:4%;--awb-flex-wrap:wrap;\" ><div class=\"fusion-builder-row fusion-row fusion-flex-align-items-flex-start fusion-flex-content-wrap\" style=\"max-width:1248px;margin-left: calc(-4% \/ 2 );margin-right: calc(-4% \/ 2 );\"><div class=\"fusion-layout-column fusion_builder_column fusion-builder-column-0 fusion_builder_column_1_1 1_1 fusion-flex-column\" style=\"--awb-bg-size:cover;--awb-width-large:100%;--awb-margin-top-large:0px;--awb-spacing-right-large:1.92%;--awb-margin-bottom-large:0px;--awb-spacing-left-large:1.92%;--awb-width-medium:100%;--awb-spacing-right-medium:1.92%;--awb-spacing-left-medium:1.92%;--awb-width-small:100%;--awb-spacing-right-small:1.92%;--awb-spacing-left-small:1.92%;\"><div class=\"fusion-column-wrapper fusion-flex-justify-content-flex-start fusion-content-layout-column\"><div class=\"fusion-section-separator section-separator hills-opacity fusion-section-separator-1\" style=\"--awb-spacer-padding-top:inherit;--awb-svg-margin-left:1.92%;--awb-svg-margin-right:1.92%;--awb-svg-margin-left-medium:1.92%;--awb-svg-margin-right-medium:1.92%;--awb-svg-margin-left-small:1.92%;--awb-svg-margin-right-small:1.92%;--awb-divider-height:100px;--awb-spacer-height:100px;--awb-sep-font-size:0;--awb-sep-line-height:0;\"><div class=\"fusion-section-separator-svg\"><svg class=\"fusion-hills-opacity-candy\" xmlns=\"http:\/\/www.w3.org\/2000\/svg\" version=\"1.1\" width=\"100%\" viewBox=\"0 -0.5 1024 182\" preserveAspectRatio=\"none\" fill=\"rgba(133,151,153,1)\"><path class=\"st0\" d=\"M0 182.086h1024V41.593c-28.058-21.504-60.109-37.581-97.075-37.581-112.845 0-198.144 93.798-289.792 93.798S437.658 6.777 351.846 6.777s-142.234 82.125-238.49 82.125c-63.078 0-75.776-31.744-113.357-53.658L0 182.086z\"\/>\n\t\t\t\t\t\t\t\t\t<path class=\"st1\" d=\"M1024 181.062v-75.878c-39.731 15.872-80.794 27.341-117.658 25.805-110.387-4.506-191.795-109.773-325.53-116.224-109.158-5.12-344.166 120.115-429.466 166.298H1024v-.001z\"\/>\n\t\t\t\t\t\t\t\t\t<path class=\"st2\" d=\"M0 182.086h1024V90.028C966.451 59.103 907.059 16.3 824.115 15.071 690.278 13.023 665.19 102.93 482.099 102.93S202.138-1.62 74.24.019C46.49.326 21.811 4.217 0 9.849v172.237z\"\/>\n\t\t\t\t\t\t\t\t\t<path class=\"st3\" d=\"M0 182.086h1024V80.505c-37.171 19.558-80.691 35.328-139.571 36.25-151.142 2.355-141.619-28.57-298.496-29.184s-138.854 47.002-305.459 43.725C132.813 128.428 91.238 44.563 0 28.179v153.907z\"\/>\n\t\t\t\t\t\t\t\t\t<path class=\"st4\" d=\"M0 182.086h1024v-77.312c-49.05 20.07-120.525 42.394-193.229 42.086-128.922-.512-159.846-72.294-255.795-72.294-89.088 0-134.656 80.179-245.043 82.022S169.063 99.346 49.971 97.401C32.768 97.094 16.077 99.244 0 103.135v78.951z\"\/>\n\t\t\t\t\t\t\t\t<\/svg><\/div><div class=\"fusion-section-separator-spacer\"><div class=\"fusion-section-separator-spacer-height\"><\/div><\/div><\/div><div class=\"fusion-title title fusion-title-1 fusion-sep-none fusion-title-text fusion-title-size-three\" style=\"--awb-margin-top:2%;\"><h3 class=\"fusion-title-heading title-heading-left\" style=\"margin:0;\"><p>Una mirada r\u00e1pida al proceso legal del arbitraje:<\/p>\n<p>\u00bfPor qu\u00e9 hay tantas sentencias?<\/p><\/h3><\/div><div class=\"fusion-title title fusion-title-2 fusion-sep-none fusion-title-text fusion-title-size-five\" style=\"--awb-margin-top:5%;--awb-margin-bottom:5%;\"><h5 class=\"fusion-title-heading title-heading-left\" style=\"margin:0;\">Se te puede perdonar que te pierdas en medio de todas las idas y venidas legales de este caso que ha durado a\u00f1os. Aqu\u00ed encontrar\u00e1s un resumen de los principales acontecimientos de este (y cualquier otro) arbitraje, y c\u00f3mo encajan entre s\u00ed.<\/h5><\/div><div class=\"fusion-text fusion-text-1\"><h4>El Laudo Preliminar<\/h4>\n<p>Cuando el Tribunal Superior de Justicia de Madrid decidi\u00f3 seleccionar un \u00e1rbitro en mayo de 2019, se cuid\u00f3 de decir que no estaba prejuzgando la cuesti\u00f3n de si ese \u00e1rbitro era realmente competente para conocer del caso. Esto seguramente parece extra\u00f1o para cualquiera que no est\u00e9 familiarizado con el arbitraje.<\/p>\n<p>Pero as\u00ed es como funciona: existe un concepto en derecho internacional conocido como Comp\u00e9tence-Comp\u00e9tence (a veces traducido como Kompetenz-Kompetenz: lo mismo, s\u00f3lo que en alem\u00e1n). El t\u00e9rmino se refiere a la cuesti\u00f3n de qui\u00e9n determina hasta qu\u00e9 punto puede decidir un tribunal (o cualquier adjudicador sobre los hechos). En algunos contextos, un juez decide el grado de responsabilidad de otro tribunal (por ejemplo, un jurado). Pero en derecho internacional, un \u00e1rbitro es el encargado de decidir si es competente para conocer de un caso. Tiene la \u00abcompetencia\u00bb para determinar su competencia.<\/p>\n<p>\u00bfPor qu\u00e9 es importante en la pr\u00e1ctica? A veces no est\u00e1 claro qu\u00e9 es exactamente lo que las partes desean resolver en un litigio. Pueden redactar una cl\u00e1usula de arbitraje que diga: \u00aben caso de cualquier disputa seria entre nosotros, la arbitraremos con un \u00e1rbitro bajo las reglas de etc&#8230;\u00bb.<\/p>\n<p>La pregunta obvia cuando una parte presenta una demanda en virtud de esa cl\u00e1usula es si la disputa es \u00abseria\u00bb. En virtud de la doctrina de la Comp\u00e9tence-Comp\u00e9tence, corresponde al \u00e1rbitro decidir sobre esta cuesti\u00f3n. Si llega a la conclusi\u00f3n de que la disputa no es seria, entonces no tiene jurisdicci\u00f3n para arbitrar y debe dejar de hacerlo. Pero el punto clave, de nuevo, es que la decisi\u00f3n corresponde al \u00e1rbitro.<\/p>\n<p>En nuestro caso, el Tribunal Superior de Justicia de Madrid opt\u00f3 por seleccionar un \u00e1rbitro porque consider\u00f3 que, <em>prima facie<\/em> (a primera vista), parec\u00eda existir una cl\u00e1usula de arbitraje en el Acuerdo de 1878. Pero la determinaci\u00f3n final de si <em>exist\u00eda<\/em> una cl\u00e1usula de arbitraje vinculante corresponder\u00eda al \u00e1rbitro.<\/p>\n<p>De eso trataba el Laudo Preliminar de Stampa. Hab\u00eda que convencer a Stampa de que las palabras del Acuerdo de 1878 (escrito en el malayo formal con escritura \u00e1rabe conocido como <em>jawi<\/em>) constitu\u00edan un acuerdo de arbitraje. Para ello, tuvo que examinar una serie de traducciones del acuerdo del <em>jawi al<\/em> espa\u00f1ol y al ingl\u00e9s.<\/p>\n<p>Stampa lleg\u00f3 a la conclusi\u00f3n de que la traducci\u00f3n m\u00e1s fiable era la realizada contempor\u00e1neamente (es <em>decir<\/em>, en 1878) al espa\u00f1ol. Al fin y al cabo, los espa\u00f1oles no eran parte en el Acuerdo de 1878 y se pod\u00eda pensar que eran m\u00e1s desinteresados que las traducciones contempor\u00e1neas o posteriores en nombre de los intereses brit\u00e1nicos, malasios o filipinos. La traducci\u00f3n espa\u00f1ola se refiere al C\u00f3nsul General ejerciendo la funci\u00f3n de <em>juicio<\/em>.<\/p>\n<p>Eso parece una clara intenci\u00f3n de que el C\u00f3nsul General (o su sustituto, aqu\u00ed Stampa) decida el asunto con car\u00e1cter definitivo, como podr\u00eda hacerlo un juez. Sobre esa base, Stampa determin\u00f3 que exist\u00eda una cl\u00e1usula de arbitraje vinculante y, por tanto, que era competente. Por lo tanto, emiti\u00f3 su Laudo Preliminar para explicar su razonamiento.<\/p>\n<p>Una vez que Stampa determin\u00f3 que ten\u00eda jurisdicci\u00f3n, era su responsabilidad emitir un Laudo Final que resolviera el fondo de la disputa. Los puntos clave de la disputa eran si Malasia hab\u00eda incumplido el Acuerdo de 1878 al suspender los pagos, si el Acuerdo deb\u00eda por tanto rescindirse y si el importe del pago en caso de incumplimiento deb\u00eda incrementarse para reflejar las realidades comerciales de la d\u00e9cada de 2020 en lugar de las de 1870. Stampa fall\u00f3 afirmativamente en todos estos puntos.<\/p>\n<h4>El Laudo Final<\/h4>\n<p>Como ya sabr\u00e1s si has le\u00eddo otros art\u00edculos de este sitio web, el Laudo Final de Stampa se dict\u00f3 en Francia y no en Espa\u00f1a, donde se inici\u00f3 el arbitraje. La raz\u00f3n de ello ya se ha tratado en otro lugar. <em>C\u00f3mo<\/em> sucedi\u00f3 es el resultado de una de las acciones legales que los demandantes hicimos &#8211; el <em>exequ\u00e1tur<\/em> del Laudo Preliminar en Francia.<\/p>\n<h4>Exequ\u00e1tur<\/h4>\n<p><em>Exequ\u00e1tur<\/em> se refiere esencialmente al reconocimiento de un laudo arbitral en una jurisdicci\u00f3n distinta de aquella en la que se dict\u00f3. \u00bfTienes un laudo arbitral en China que deseas que sea reconocido en Singapur? Presenta una demanda de <em>exequ\u00e1tur<\/em> ante un tribunal de Singapur, para importarlo a Singapur, donde los tribunales de Singapur lo reconocer\u00e1n y actuar\u00e1n en consecuencia.<\/p>\n<p>Si Malasia sigue resisti\u00e9ndose al laudo arbitral, o se niega a pagar o a negociar y, de hecho, sigue gritando que todo esto es \u00abinjusto\u00bb o \u00abterrorismo\u00bb o \u00absabotaje econ\u00f3mico\u00bb (bueno, si has seguido las declaraciones p\u00fablicas de los ministros malasios, ya lo entiendes), <em>la ejecuci\u00f3n<\/em> es el proceso por el que conseguiremos que los tribunales de todo el mundo congelen y luego confisquen los activos malasios.<\/p>\n<p>Malasia se ha quejado ocasionalmente de que la acci\u00f3n de <em>exequ\u00e1tur<\/em> que los demandantes interpusimos en Francia en septiembre de 2021 fue <em>ex parte <\/em> (realizada sin informar a la otra parte). Pero as\u00ed es como funcionan las acciones de <em>exequ\u00e1tur<\/em> en Francia. Despu\u00e9s de que se concediera el reconocimiento, revelamos la acci\u00f3n a Malasia cuando nuestros abogados escribieron a Stampa (con copia a Malasia) para pedirle que trasladara all\u00ed la consideraci\u00f3n del laudo final del arbitraje. Por cierto, aunque el Gobierno malasio pareci\u00f3 escandalizarse en febrero de 2022 cuando se anunci\u00f3 el Laudo Final, en realidad no le pill\u00f3 por sorpresa. El Dr. Stampa hab\u00eda estado copiando al Fiscal General de Malasia en cada etapa y comunicaci\u00f3n del proceso de arbitraje.<\/p>\n<p>Es importante se\u00f1alar que el Tribunal de Apelaci\u00f3n de Par\u00eds revoc\u00f3 en junio de 2023 esta primera acci\u00f3n de <em>exequ\u00e1tur<\/em>, <em>es<\/em> decir, el reconocimiento del Laudo Preliminar espa\u00f1ol en Francia. El Laudo Final de febrero de 2022, dictado en Francia, no ha sido impugnado con \u00e9xito. Adem\u00e1s, el Tribunal de Apelaci\u00f3n de Par\u00eds ha dictaminado que la impugnaci\u00f3n del Laudo Final no puede seguir adelante hasta que el Tribunal Supremo franc\u00e9s haya resuelto el recurso de los demandantes contra la decisi\u00f3n de junio de 2023 sobre el Laudo Preliminar.<\/p>\n<\/div><\/div><\/div><\/div><\/div>\n","protected":false},"excerpt":{"rendered":"","protected":false},"author":1,"featured_media":0,"parent":458,"menu_order":0,"comment_status":"closed","ping_status":"closed","template":"100-width.php","meta":{"footnotes":""},"class_list":["post-464","page","type-page","status-publish","hentry"],"_links":{"self":[{"href":"https:\/\/www.suluarbitration.com\/es\/wp-json\/wp\/v2\/pages\/464","targetHints":{"allow":["GET"]}}],"collection":[{"href":"https:\/\/www.suluarbitration.com\/es\/wp-json\/wp\/v2\/pages"}],"about":[{"href":"https:\/\/www.suluarbitration.com\/es\/wp-json\/wp\/v2\/types\/page"}],"author":[{"embeddable":true,"href":"https:\/\/www.suluarbitration.com\/es\/wp-json\/wp\/v2\/users\/1"}],"replies":[{"embeddable":true,"href":"https:\/\/www.suluarbitration.com\/es\/wp-json\/wp\/v2\/comments?post=464"}],"version-history":[{"count":5,"href":"https:\/\/www.suluarbitration.com\/es\/wp-json\/wp\/v2\/pages\/464\/revisions"}],"predecessor-version":[{"id":479,"href":"https:\/\/www.suluarbitration.com\/es\/wp-json\/wp\/v2\/pages\/464\/revisions\/479"}],"up":[{"embeddable":true,"href":"https:\/\/www.suluarbitration.com\/es\/wp-json\/wp\/v2\/pages\/458"}],"wp:attachment":[{"href":"https:\/\/www.suluarbitration.com\/es\/wp-json\/wp\/v2\/media?parent=464"}],"curies":[{"name":"wp","href":"https:\/\/api.w.org\/{rel}","templated":true}]}}