{"id":595,"date":"2024-06-22T15:42:34","date_gmt":"2024-06-22T15:42:34","guid":{"rendered":"https:\/\/www.suluarbitration.com\/home\/"},"modified":"2024-08-02T15:36:47","modified_gmt":"2024-08-02T15:36:47","slug":"home","status":"publish","type":"page","link":"https:\/\/www.suluarbitration.com\/fr\/","title":{"rendered":"Home"},"content":{"rendered":"<p><div class=\"fusion-fullwidth fullwidth-box fusion-builder-row-1 fusion-flex-container has-pattern-background has-mask-background fusion-parallax-none nonhundred-percent-fullwidth non-hundred-percent-height-scrolling lazyload\" style=\"--link_hover_color: var(--awb-color5);--link_color: var(--awb-color5);--awb-background-blend-mode:overlay;--awb-border-color:var(--awb-color1);--awb-border-radius-top-left:0px;--awb-border-radius-top-right:0px;--awb-border-radius-bottom-right:0px;--awb-border-radius-bottom-left:0px;--awb-padding-top:9vw;--awb-padding-bottom:0px;--awb-padding-top-small:70px;--awb-padding-right-small:40px;--awb-padding-bottom-small:0px;--awb-padding-left-small:40px;--awb-margin-bottom-medium:0px;--awb-margin-bottom-small:60px;--awb-background-color:rgba(12,15,14,0.04);--awb-background-size:cover;--awb-flex-wrap:wrap;\" data-bg=\"https:\/\/www.suluarbitration.com\/wp-content\/uploads\/2024\/06\/00055-1091342052-300x199.jpg\" ><div class=\"awb-background-mask\" style=\"background-image:  url(data:image\/svg+xml;utf8,%3Csvg%20width%3D%221920%22%20height%3D%22954%22%20fill%3D%22none%22%20xmlns%3D%22http%3A%2F%2Fwww.w3.org%2F2000%2Fsvg%22%3E%3Cpath%20fill-rule%3D%22evenodd%22%20clip-rule%3D%22evenodd%22%20d%3D%22M1920%20615.353V340.175l-137.59%20137.589L1920%20615.353zM1919.24%20954l-167.18-167.177-139.35-139.353L1443%20477.764l169.71-169.706%20139.35-139.352L1920%20.764V0h-137.19L1345%20437.812%20907.188%200H0v954h907l84.447-84.447%20268.703-268.7L1345%20516l84.85%2084.853%20268.7%20268.7L1783%20954h136.24zM1345%20685.706L1613.29%20954H1526l-138.57-138.574L1345%20773l-42.43%2042.426L1164%20954h-87.29L1345%20685.706zM1248.85%20954l96.15-96.147L1441.15%20954h-192.3z%22%20fill%3D%22rgba%28255%2C255%2C255%2C1%29%22%2F%3E%3C%2Fsvg%3E);opacity: 0.23 ;transform: scale(1, 1);mix-blend-mode:normal;\"><\/div><div class=\"fusion-builder-row fusion-row fusion-flex-align-items-center fusion-flex-content-wrap\" style=\"max-width:1248px;margin-left: calc(-4% \/ 2 );margin-right: calc(-4% \/ 2 );\"><div class=\"fusion-layout-column fusion_builder_column fusion-builder-column-0 fusion_builder_column_1_1 1_1 fusion-flex-column\" style=\"--awb-padding-bottom-medium:0px;--awb-bg-size:cover;--awb-width-large:100%;--awb-margin-top-large:0px;--awb-spacing-right-large:1.92%;--awb-margin-bottom-large:85px;--awb-spacing-left-large:1.92%;--awb-width-medium:100%;--awb-order-medium:0;--awb-spacing-right-medium:1.92%;--awb-spacing-left-medium:1.92%;--awb-width-small:100%;--awb-order-small:0;--awb-spacing-right-small:1.92%;--awb-margin-bottom-small:44px;--awb-spacing-left-small:1.92%;\"><div class=\"fusion-column-wrapper fusion-column-has-shadow fusion-flex-justify-content-flex-start fusion-content-layout-column\"><div class=\"fusion-title title fusion-title-1 fusion-no-medium-visibility fusion-no-large-visibility fusion-sep-none fusion-title-center fusion-title-text fusion-title-size-one\" style=\"--awb-text-color:var(--awb-color1);--awb-margin-top:0px;--awb-margin-right:15%;--awb-margin-bottom:30px;--awb-margin-left:15%;--awb-font-size:45px;\"><h1 class=\"fusion-title-heading title-heading-center\" style=\"margin:0;text-transform:none;font-size:1em;line-height:60px;\"><p style=\"text-align: center;\">L&rsquo;arbitrage Sabah<\/p>\n<p style=\"text-align: center;\">Sulu<\/p><\/h1><\/div><div class=\"fusion-title title fusion-title-2 fusion-no-small-visibility fusion-sep-none fusion-title-center fusion-title-text fusion-title-size-one\" style=\"--awb-text-color:var(--awb-color1);--awb-margin-top:0px;--awb-margin-right:15%;--awb-margin-bottom:30px;--awb-margin-left:15%;\"><h1 class=\"fusion-title-heading title-heading-center\" style=\"margin:0;text-transform:none;\"><p style=\"text-align: center;\">L&rsquo;arbitrage Sabah<\/p>\n<p style=\"text-align: center;\">Sulu<\/p><\/h1><\/div><div class=\"fusion-text fusion-text-1 fusion-text-no-margin\" style=\"--awb-content-alignment:center;--awb-text-color:var(--awb-color1);--awb-margin-right:15%;--awb-margin-left:15%;\"><h5 style=\"text-align: left;\"><span style=\"font-size: 24px; color: var(--awb-color2);\" data-fusion-font=\"true\">Bienvenue sur le site web des Demandeurs ayant obtenu gain de cause dans l\u2019affaire des H\u00e9ritiers de Sulu contre la Malaisie (Fornan et al. v. Malaysia).<\/span><\/h5>\n<h5 style=\"text-align: left;\"><span style=\"font-size: 24px; color: var(--awb-color2);\" data-fusion-font=\"true\">Vous y trouverez des faits, des documents et de nombreux d\u00e9tails sur l&rsquo;histoire, le d\u00e9roulement et la r\u00e9solution de l&rsquo;affaire juridique.<\/span><\/h5>\n<\/div><\/div><\/div><div class=\"fusion-layout-column fusion_builder_column fusion-builder-column-1 fusion_builder_column_1_1 1_1 fusion-flex-column fusion-no-small-visibility\" style=\"--awb-padding-bottom-medium:0px;--awb-bg-size:cover;--awb-width-large:100%;--awb-margin-top-large:0px;--awb-spacing-right-large:1.92%;--awb-margin-bottom-large:7.5vw;--awb-spacing-left-large:1.92%;--awb-width-medium:100%;--awb-order-medium:0;--awb-spacing-right-medium:1.92%;--awb-spacing-left-medium:1.92%;--awb-width-small:100%;--awb-order-small:1;--awb-spacing-right-small:1.92%;--awb-spacing-left-small:1.92%;\"><div class=\"fusion-column-wrapper fusion-column-has-shadow fusion-flex-justify-content-center fusion-content-layout-row\"><div ><a class=\"fusion-button button-flat fusion-button-default-size button-custom fusion-button-default button-1 fusion-button-default-span \" style=\"--button_bevel_color:var(--awb-color4);--button_bevel_color_hover:var(--awb-color4);--button_accent_color:var(--awb-color1);--button_border_color:var(--awb-color8);--button_accent_hover_color:var(--awb-color1);--button_border_hover_color:var(--awb-color1);--button_border_width-top:0;--button_border_width-right:0;--button_border_width-bottom:0;--button_border_width-left:0;--button_gradient_top_color:var(--awb-color8);--button_gradient_bottom_color:var(--awb-color8);--button_gradient_top_color_hover:hsla(var(--awb-color8-h),var(--awb-color8-s),var(--awb-color8-l),calc( var(--awb-color8-a) - 20% ));--button_gradient_bottom_color_hover:hsla(var(--awb-color8-h),var(--awb-color8-s),var(--awb-color8-l),calc( var(--awb-color8-a) - 20% ));--button_padding-top:20px;--button_padding-right:55px;--button_padding-bottom:20px;--button_padding-left:55px;\" target=\"_self\" href=\"#mainbody\"><span class=\"fusion-button-text awb-button__text awb-button__text--default\">D\u00e9couvrez-en plus ci-dessous<\/span><i class=\"fa-arrow-alt-circle-down fas awb-button__icon awb-button__icon--default button-icon-right\" aria-hidden=\"true\"><\/i><\/a><\/div><\/div><\/div><div class=\"fusion-layout-column fusion_builder_column fusion-builder-column-2 fusion_builder_column_1_1 1_1 fusion-flex-column\" style=\"--awb-bg-size:cover;--awb-width-large:100%;--awb-margin-top-large:0px;--awb-spacing-right-large:1.92%;--awb-margin-bottom-large:0px;--awb-spacing-left-large:1.92%;--awb-width-medium:100%;--awb-order-medium:0;--awb-spacing-right-medium:1.92%;--awb-spacing-left-medium:1.92%;--awb-width-small:100%;--awb-order-small:3;--awb-spacing-right-small:1.92%;--awb-spacing-left-small:1.92%;\"><div class=\"fusion-column-wrapper fusion-column-has-shadow fusion-flex-justify-content-flex-start fusion-content-layout-column\"><div class=\"fusion-section-separator section-separator big-half-circle fusion-section-separator-1\" style=\"--awb-spacer-height:99px;--awb-svg-margin-left:1.92%;--awb-svg-margin-right:1.92%;--awb-svg-margin-left-medium:1.92%;--awb-svg-margin-right-medium:1.92%;--awb-svg-margin-left-small:1.92%;--awb-svg-margin-right-small:1.92%;--awb-divider-height:99px;--awb-spacer-padding-top:inherit;--awb-sep-padding:0;--awb-svg-padding:0;\"><div class=\"fusion-section-separator-svg\"><svg class=\"fusion-big-half-circle-candy\" xmlns=\"http:\/\/www.w3.org\/2000\/svg\" version=\"1.1\" width=\"100%\" height=\"100\" viewBox=\"0 0 100 100\" preserveAspectRatio=\"none\" fill=\"rgba(255,255,255,1)\"><path d=\"M0 100 C40 0 60 0 100 100 Z\"><\/path><\/svg><\/div><div class=\"fusion-section-separator-spacer\"><div class=\"fusion-section-separator-spacer-height\"><\/div><\/div><\/div><\/div><\/div><div class=\"fusion-layout-column fusion_builder_column fusion-builder-column-3 fusion_builder_column_1_1 1_1 fusion-flex-column fusion-no-medium-visibility fusion-no-large-visibility fusion-animated\" style=\"--awb-padding-bottom-medium:0px;--awb-bg-size:cover;--awb-width-large:100%;--awb-margin-top-large:0px;--awb-spacing-right-large:1.92%;--awb-margin-bottom-large:12vw;--awb-spacing-left-large:1.92%;--awb-width-medium:100%;--awb-order-medium:0;--awb-spacing-right-medium:1.92%;--awb-spacing-left-medium:1.92%;--awb-width-small:100%;--awb-order-small:2;--awb-spacing-right-small:1.92%;--awb-margin-bottom-small:30px;--awb-spacing-left-small:1.92%;\" data-animationType=\"fadeInUp\" data-animationDuration=\"1.3\" data-animationOffset=\"top-into-view\"><div class=\"fusion-column-wrapper fusion-column-has-shadow fusion-flex-justify-content-flex-start fusion-content-layout-column\"><div ><a class=\"fusion-button button-flat fusion-button-default-size button-custom fusion-button-default button-2 fusion-button-span-yes \" style=\"--button_bevel_color:var(--awb-color4);--button_bevel_color_hover:var(--awb-color4);--button_accent_color:var(--awb-color1);--button_border_color:var(--awb-color8);--button_accent_hover_color:var(--awb-color1);--button_border_hover_color:var(--awb-color1);--button_border_width-top:0;--button_border_width-right:0;--button_border_width-bottom:0;--button_border_width-left:0;--button_gradient_top_color:var(--awb-color8);--button_gradient_bottom_color:var(--awb-color8);--button_gradient_top_color_hover:hsla(var(--awb-color8-h),var(--awb-color8-s),var(--awb-color8-l),calc( var(--awb-color8-a) - 40% ));--button_gradient_bottom_color_hover:hsla(var(--awb-color8-h),var(--awb-color8-s),var(--awb-color8-l),calc( var(--awb-color8-a) - 40% ));--button_text_transform:none;--button_font_size:20px;--button_line_height:26px;--button_padding-top:20px;--button_padding-right:55px;--button_padding-bottom:20px;--button_padding-left:55px;--button_typography-letter-spacing:0px;\" target=\"_self\" href=\"#mainbody\"><span class=\"fusion-button-text awb-button__text awb-button__text--default\">D\u00e9couvrez-en plus ci-dessous<\/span><\/a><\/div><\/div><\/div><\/div><\/div><div id=\"mainbody\" class=\"fusion-container-anchor\"><div class=\"fusion-fullwidth fullwidth-box fusion-builder-row-2 fusion-flex-container has-pattern-background has-mask-background nonhundred-percent-fullwidth non-hundred-percent-height-scrolling\" style=\"--awb-background-position:left top;--awb-border-sizes-top:0px;--awb-border-sizes-bottom:0px;--awb-border-sizes-left:0px;--awb-border-sizes-right:0px;--awb-border-radius-top-left:0px;--awb-border-radius-top-right:0px;--awb-border-radius-bottom-right:0px;--awb-border-radius-bottom-left:0px;--awb-padding-top:100px;--awb-padding-bottom:140px;--awb-margin-bottom-medium:0px;--awb-margin-bottom-small:0px;--awb-background-color:var(--awb-color1);--awb-flex-wrap:wrap;\" ><div class=\"fusion-builder-row fusion-row fusion-flex-align-items-stretch fusion-flex-justify-content-center fusion-flex-content-wrap\" style=\"max-width:1248px;margin-left: calc(-4% \/ 2 );margin-right: calc(-4% \/ 2 );\"><div class=\"fusion-layout-column fusion_builder_column fusion-builder-column-4 fusion_builder_column_2_3 2_3 fusion-flex-column fusion-flex-align-self-flex-start fusion-column-no-min-height\" style=\"--awb-bg-blend:overlay;--awb-bg-size:cover;--awb-width-large:66.666666666667%;--awb-margin-top-large:0px;--awb-spacing-right-large:2.88%;--awb-margin-bottom-large:40px;--awb-spacing-left-large:2.88%;--awb-width-medium:80%;--awb-spacing-right-medium:2.4%;--awb-spacing-left-medium:2.4%;--awb-width-small:100%;--awb-spacing-right-small:1.92%;--awb-spacing-left-small:1.92%;\"><div class=\"fusion-column-wrapper fusion-flex-justify-content-flex-start fusion-content-layout-column\"><div class=\"fusion-title title fusion-title-3 fusion-sep-none fusion-title-center fusion-title-text fusion-title-size-three\" style=\"--awb-text-color:var(--awb-color8);\"><h3 class=\"fusion-title-heading title-heading-center\" style=\"margin:0;\"><div style=\"text-align: left;\"><span style=\"color: var(--awb-text-color); font-family: var(--h3_typography-font-family); font-size: 1em; font-style: var(--h3_typography-font-style,normal); font-weight: var(--h3_typography-font-weight); letter-spacing: var(--h3_typography-letter-spacing); text-transform: var(--h3_typography-text-transform); background-color: var(--awb-bg-color);\"><span style=\"color: var(--awb-color7);\">En bref:<\/span> en 2013 et depuis lors, le gouvernement malaisien s&rsquo;est cr\u00e9\u00e9 une crise politique qu&rsquo;il pr\u00e9sente comme une menace pour sa propre souverainet\u00e9. <\/span><\/div><\/h3><\/div><div class=\"fusion-text fusion-text-2 fusion-text-no-margin\" style=\"--awb-content-alignment:center;--awb-text-color:hsla(var(--awb-color8-h),var(--awb-color8-s),var(--awb-color8-l),calc(var(--awb-color8-a) - 20%));\"><p style=\"text-align: justify; font-size: 20px;\" data-fusion-font=\"true\">Il a d\u00e9clench\u00e9 un arbitrage sur Sabah et a n\u00e9glig\u00e9 de g\u00e9rer l&rsquo;affaire. Et maintenant, elle utilise r\u00e9trospectivement un barrage de relations publiques et une campagne sans honte de pression politique dans plusieurs pays pour tenter de discr\u00e9diter cet arbitrage dans l&rsquo;espoir que les juges du monde entier r\u00e9pugneront \u00e0 reconna\u00eetre le r\u00e9sultat l\u00e9gitime sur le plan international. Dans le m\u00eame temps, de nombreux hommes politiques Malaisiens semblent d\u00e9termin\u00e9s \u00e0 induire leur propre peuple en erreur quant \u00e0 la mani\u00e8re dont nous en sommes arriv\u00e9s l\u00e0. C&rsquo;est compr\u00e9hensible, mais c&rsquo;est assez embarrassant pour un \u00e9lu.<\/p>\n<\/div><div class=\"fusion-separator fusion-full-width-sep\" style=\"align-self: center;margin-left: auto;margin-right: auto;margin-top:15px;width:100%;\"><\/div><\/div><\/div><div class=\"fusion-layout-column fusion_builder_column fusion-builder-column-5 fusion_builder_column_1_1 1_1 fusion-flex-column\" style=\"--awb-bg-blend:overlay;--awb-bg-size:cover;--awb-width-large:100%;--awb-margin-top-large:0px;--awb-spacing-right-large:1.92%;--awb-margin-bottom-large:55px;--awb-spacing-left-large:1.92%;--awb-width-medium:100%;--awb-order-medium:0;--awb-spacing-right-medium:1.92%;--awb-spacing-left-medium:1.92%;--awb-width-small:100%;--awb-order-small:0;--awb-spacing-right-small:1.92%;--awb-spacing-left-small:1.92%;\"><div class=\"fusion-column-wrapper fusion-column-has-shadow fusion-flex-justify-content-flex-start fusion-content-layout-column\"><div class=\"fusion-separator fusion-full-width-sep\" style=\"align-self: center;margin-left: auto;margin-right: auto;margin-top:0px;margin-bottom:0px;width:100%;\"><div class=\"fusion-separator-border sep-single sep-solid\" style=\"--awb-height:20px;--awb-amount:20px;--awb-sep-color:var(--awb-color2);border-color:var(--awb-color2);border-top-width:2px;\"><\/div><\/div><div class=\"fusion-title title fusion-title-4 fusion-sep-none fusion-title-center fusion-title-text fusion-title-size-three\" style=\"--awb-text-color:var(--awb-color7);\"><h3 class=\"fusion-title-heading title-heading-center\" style=\"margin:0;\"><div style=\"text-align: center;\"><span style=\"background-color: var(--awb-bg-color-medium); color: var(--awb-text-color); font-family: var(--h3_typography-font-family); font-size: 1em; font-style: var(--h3_typography-font-style,normal); font-weight: var(--h3_typography-font-weight); letter-spacing: var(--h3_typography-letter-spacing); text-transform: var(--h3_typography-text-transform);\">\u00a0<\/span><\/div>\n<p style=\"text-align: center;\"><span style=\"background-color: var(--awb-bg-color-medium); color: var(--awb-text-color); font-family: var(--h3_typography-font-family); font-size: 1em; font-style: var(--h3_typography-font-style,normal); font-weight: var(--h3_typography-font-weight); letter-spacing: var(--h3_typography-letter-spacing); text-transform: var(--h3_typography-text-transform);\">Ce site web aborde le sujet de diff\u00e9rentes mani\u00e8res. <\/span><\/p>\n<p style=\"text-align: center;\"><span style=\"background-color: var(--awb-bg-color-medium); color: var(--awb-text-color); font-family: var(--h3_typography-font-family); font-size: 1em; font-style: var(--h3_typography-font-style,normal); font-weight: var(--h3_typography-font-weight); letter-spacing: var(--h3_typography-letter-spacing); text-transform: var(--h3_typography-text-transform);\">Tous les lecteurs n&rsquo;ont pas les m\u00eames exigences.<\/span><\/p><\/h3><\/div><\/div><\/div><div class=\"fusion-layout-column fusion_builder_column fusion-builder-column-6 fusion_builder_column_1_3 1_3 fusion-flex-column fusion-column-inner-bg-wrapper\" style=\"--awb-padding-top:20px;--awb-padding-right:20px;--awb-padding-bottom:20px;--awb-padding-left:20px;--awb-inner-bg-color:rgba(102,110,117,0.1);--awb-inner-bg-color-hover:rgba(102,110,117,0.1);--awb-inner-bg-blend:overlay;--awb-inner-bg-size:cover;--awb-width-large:33.333333333333%;--awb-margin-top-large:0px;--awb-spacing-right-large:7.5px;--awb-margin-bottom-large:0px;--awb-spacing-left-large:5.76%;--awb-width-medium:33.333333333333%;--awb-spacing-right-medium:7.5px;--awb-margin-bottom-medium:80px;--awb-spacing-left-medium:5.76%;--awb-width-small:100%;--awb-spacing-right-small:1.92%;--awb-spacing-left-small:1.92%;\"><span class=\"fusion-column-inner-bg hover-type-none\"><a class=\"fusion-column-anchor\" href=\"https:\/\/www.suluarbitration.com\/faqs\/\"><span class=\"fusion-column-inner-bg-image\"><\/span><\/a><\/span><div class=\"fusion-column-wrapper fusion-column-has-shadow fusion-flex-justify-content-flex-start fusion-content-layout-column\"><i class=\"fb-icon-element-1 fb-icon-element fontawesome-icon fa-question-circle fas circle-yes\" style=\"--awb-circlecolor-hover:var(--awb-color5);--awb-circlebordercolor-hover:var(--awb-color8);--awb-circlebordersize:0px;--awb-font-size:35.2px;--awb-width:70.4px;--awb-height:70.4px;--awb-line-height:70.4px;--awb-align-self:center;--awb-margin-top:0px;--awb-margin-right:0px;--awb-margin-bottom:15px;--awb-margin-left:0px;\"><\/i><div class=\"fusion-title title fusion-title-5 fusion-sep-none fusion-title-center fusion-title-text fusion-title-size-four\" style=\"--awb-text-color:var(--awb-color8);--awb-margin-bottom:10px;\"><h4 class=\"fusion-title-heading title-heading-center\" style=\"margin:0;\">Questions Fr\u00e9quemment pos\u00e9es<\/h4><\/div><div class=\"fusion-text fusion-text-3 fusion-text-no-margin\" style=\"--awb-content-alignment:center;--awb-text-color:hsla(var(--awb-color8-h),var(--awb-color8-s),var(--awb-color8-l),calc(var(--awb-color8-a) - 20%));\"><p>Vous pouvez vous contenter de consulter les <a href=\"https:\/\/www.suluarbitration.com\/fr\/faq\/\">FAQs<\/a>, qui couvrent de nombreuses questions de bon sens et de nombreuses all\u00e9gations &#8211; souvent trompeuses &#8211; que les gouvernements malaisien et espagnol ont diffus\u00e9es.<\/p>\n<\/div><\/div><\/div><div class=\"fusion-layout-column fusion_builder_column fusion-builder-column-7 fusion_builder_column_1_3 1_3 fusion-flex-column\" style=\"--awb-padding-top:20px;--awb-padding-right:20px;--awb-padding-bottom:20px;--awb-padding-left:20px;--awb-bg-blend:overlay;--awb-bg-size:cover;--awb-width-large:33.333333333333%;--awb-margin-top-large:0px;--awb-spacing-right-large:7.5px;--awb-margin-bottom-large:0px;--awb-spacing-left-large:7.5px;--awb-width-medium:33.333333333333%;--awb-spacing-right-medium:7.5px;--awb-margin-bottom-medium:80px;--awb-spacing-left-medium:7.5px;--awb-width-small:100%;--awb-spacing-right-small:1.92%;--awb-spacing-left-small:1.92%;\"><div class=\"fusion-column-wrapper fusion-column-has-shadow fusion-flex-justify-content-center fusion-content-layout-column\"><i class=\"fb-icon-element-2 fb-icon-element fontawesome-icon fa-newspaper fas circle-yes\" style=\"--awb-circlecolor-hover:var(--awb-color5);--awb-circlebordercolor-hover:var(--awb-color8);--awb-circlebordersize:0px;--awb-font-size:35.2px;--awb-width:70.4px;--awb-height:70.4px;--awb-line-height:70.4px;--awb-align-self:center;--awb-margin-top:0px;--awb-margin-right:0px;--awb-margin-bottom:15px;--awb-margin-left:0px;\"><\/i><div class=\"fusion-title title fusion-title-6 fusion-sep-none fusion-title-center fusion-title-text fusion-title-size-four\" style=\"--awb-text-color:var(--awb-color8);--awb-margin-bottom:10px;\"><h4 class=\"fusion-title-heading title-heading-center\" style=\"margin:0;\">L\u2019Histoire<\/h4><\/div><div class=\"fusion-text fusion-text-4 fusion-text-no-margin\" style=\"--awb-content-alignment:center;--awb-text-color:hsla(var(--awb-color8-h),var(--awb-color8-s),var(--awb-color8-l),calc(var(--awb-color8-a) - 20%));\"><p>Si vous voulez comprendre rapidement, <a href=\"https:\/\/www.suluarbitration.com\/fr\/quest-ce-que-larbitrage-sulu\/\">cliquer ici<\/a>. Pour aller plus loin et comprendre <a href=\"https:\/\/www.suluarbitration.com\/fr\/lhistoire\/\">comment tout cela s&rsquo;est produit<\/a>, veuillez lire le r\u00e9cit en quatre parties. Ceci s&rsquo;adresse en particulier aux citoyens Malaisiens ou Espagnols qui se demandent ce qui se passe. Vous ne l\u2019obtiendrez pas de vos propres gouvernements.<\/p>\n<\/div><\/div><\/div><div class=\"fusion-layout-column fusion_builder_column fusion-builder-column-8 fusion_builder_column_1_3 1_3 fusion-flex-column\" style=\"--awb-padding-top:20px;--awb-padding-right:20px;--awb-padding-bottom:20px;--awb-padding-left:20px;--awb-bg-color:rgba(102,110,117,0.09);--awb-bg-color-hover:rgba(102,110,117,0.09);--awb-bg-blend:overlay;--awb-bg-size:cover;--awb-width-large:33.333333333333%;--awb-margin-top-large:0px;--awb-spacing-right-large:5.76%;--awb-margin-bottom-large:0px;--awb-spacing-left-large:7.5px;--awb-width-medium:33.333333333333%;--awb-spacing-right-medium:5.76%;--awb-margin-bottom-medium:80px;--awb-spacing-left-medium:7.5px;--awb-width-small:100%;--awb-spacing-right-small:1.92%;--awb-margin-bottom-small:0px;--awb-spacing-left-small:1.92%;\"><div class=\"fusion-column-wrapper fusion-column-has-shadow fusion-flex-justify-content-flex-start fusion-content-layout-column\"><i class=\"fb-icon-element-3 fb-icon-element fontawesome-icon fa-file-invoice fas circle-yes\" style=\"--awb-circlecolor-hover:var(--awb-color5);--awb-circlebordercolor-hover:var(--awb-color8);--awb-circlebordersize:0px;--awb-font-size:35.2px;--awb-width:70.4px;--awb-height:70.4px;--awb-line-height:70.4px;--awb-align-self:center;--awb-margin-top:0px;--awb-margin-right:0px;--awb-margin-bottom:15px;--awb-margin-left:0px;\"><\/i><div class=\"fusion-title title fusion-title-7 fusion-sep-none fusion-title-center fusion-title-text fusion-title-size-four\" style=\"--awb-text-color:var(--awb-color8);--awb-margin-bottom:10px;\"><h4 class=\"fusion-title-heading title-heading-center\" style=\"margin:0;\">Cocuments Cl\u00e9 et chronologie<\/h4><\/div><div class=\"fusion-text fusion-text-5 fusion-text-no-margin\" style=\"--awb-content-alignment:center;--awb-text-color:hsla(var(--awb-color8-h),var(--awb-color8-s),var(--awb-color8-l),calc(var(--awb-color8-a) - 20%));\"><p>Nous disposons d\u2019une <a href=\"https:\/\/www.suluarbitration.com\/fr\/chronology\/\">chronologie d\u00e9taill\u00e9e<\/a>.<\/p>\n<p>Nous avons \u00e9galement une section consacr\u00e9e aux <a href=\"https:\/\/www.suluarbitration.com\/fr\/documents-cles\/\">documents juridiques cl\u00e9s<\/a>, auxquels il est fait r\u00e9f\u00e9rence \u00e0 maintes reprises sur ce site web.<\/p>\n<\/div><\/div><\/div><\/div><\/div><\/div><\/p>\n","protected":false},"excerpt":{"rendered":"","protected":false},"author":1,"featured_media":0,"parent":0,"menu_order":0,"comment_status":"closed","ping_status":"closed","template":"100-width.php","meta":{"footnotes":""},"class_list":["post-595","page","type-page","status-publish","hentry"],"_links":{"self":[{"href":"https:\/\/www.suluarbitration.com\/fr\/wp-json\/wp\/v2\/pages\/595","targetHints":{"allow":["GET"]}}],"collection":[{"href":"https:\/\/www.suluarbitration.com\/fr\/wp-json\/wp\/v2\/pages"}],"about":[{"href":"https:\/\/www.suluarbitration.com\/fr\/wp-json\/wp\/v2\/types\/page"}],"author":[{"embeddable":true,"href":"https:\/\/www.suluarbitration.com\/fr\/wp-json\/wp\/v2\/users\/1"}],"replies":[{"embeddable":true,"href":"https:\/\/www.suluarbitration.com\/fr\/wp-json\/wp\/v2\/comments?post=595"}],"version-history":[{"count":5,"href":"https:\/\/www.suluarbitration.com\/fr\/wp-json\/wp\/v2\/pages\/595\/revisions"}],"predecessor-version":[{"id":744,"href":"https:\/\/www.suluarbitration.com\/fr\/wp-json\/wp\/v2\/pages\/595\/revisions\/744"}],"wp:attachment":[{"href":"https:\/\/www.suluarbitration.com\/fr\/wp-json\/wp\/v2\/media?parent=595"}],"curies":[{"name":"wp","href":"https:\/\/api.w.org\/{rel}","templated":true}]}}