{"id":680,"date":"2024-06-29T13:33:42","date_gmt":"2024-06-29T13:33:42","guid":{"rendered":"https:\/\/www.suluarbitration.com\/?page_id=680"},"modified":"2024-07-15T16:23:11","modified_gmt":"2024-07-15T16:23:11","slug":"quest-ce-que-larbitrage-sulu","status":"publish","type":"page","link":"https:\/\/www.suluarbitration.com\/fr\/quest-ce-que-larbitrage-sulu\/","title":{"rendered":"La version courte &#8211; qu&rsquo;est-ce que l&rsquo;affaire de l&rsquo;arbitrage Sulu et o\u00f9 en est-on?"},"content":{"rendered":"<div class=\"fusion-fullwidth fullwidth-box fusion-builder-row-1 fusion-flex-container has-pattern-background has-mask-background nonhundred-percent-fullwidth non-hundred-percent-height-scrolling\" style=\"--awb-border-radius-top-left:0px;--awb-border-radius-top-right:0px;--awb-border-radius-bottom-right:0px;--awb-border-radius-bottom-left:0px;--awb-padding-top:4%;--awb-padding-right:4%;--awb-padding-bottom:4%;--awb-padding-left:4%;--awb-flex-wrap:wrap;\" ><div class=\"fusion-builder-row fusion-row fusion-flex-align-items-flex-start fusion-flex-content-wrap\" style=\"max-width:1248px;margin-left: calc(-4% \/ 2 );margin-right: calc(-4% \/ 2 );\"><div class=\"fusion-layout-column fusion_builder_column fusion-builder-column-0 fusion_builder_column_1_1 1_1 fusion-flex-column\" style=\"--awb-bg-size:cover;--awb-width-large:100%;--awb-margin-top-large:0px;--awb-spacing-right-large:1.92%;--awb-margin-bottom-large:0px;--awb-spacing-left-large:1.92%;--awb-width-medium:100%;--awb-spacing-right-medium:1.92%;--awb-spacing-left-medium:1.92%;--awb-width-small:100%;--awb-spacing-right-small:1.92%;--awb-spacing-left-small:1.92%;\"><div class=\"fusion-column-wrapper fusion-flex-justify-content-flex-start fusion-content-layout-column\"><div class=\"fusion-section-separator section-separator hills-opacity fusion-section-separator-1\" style=\"--awb-spacer-padding-top:inherit;--awb-svg-margin-left:1.92%;--awb-svg-margin-right:1.92%;--awb-svg-margin-left-medium:1.92%;--awb-svg-margin-right-medium:1.92%;--awb-svg-margin-left-small:1.92%;--awb-svg-margin-right-small:1.92%;--awb-divider-height:100px;--awb-spacer-height:100px;--awb-sep-font-size:0;--awb-sep-line-height:0;\"><div class=\"fusion-section-separator-svg\"><svg class=\"fusion-hills-opacity-candy\" xmlns=\"http:\/\/www.w3.org\/2000\/svg\" version=\"1.1\" width=\"100%\" viewBox=\"0 -0.5 1024 182\" preserveAspectRatio=\"none\" fill=\"rgba(133,151,153,1)\"><path class=\"st0\" d=\"M0 182.086h1024V41.593c-28.058-21.504-60.109-37.581-97.075-37.581-112.845 0-198.144 93.798-289.792 93.798S437.658 6.777 351.846 6.777s-142.234 82.125-238.49 82.125c-63.078 0-75.776-31.744-113.357-53.658L0 182.086z\"\/>\n\t\t\t\t\t\t\t\t\t<path class=\"st1\" d=\"M1024 181.062v-75.878c-39.731 15.872-80.794 27.341-117.658 25.805-110.387-4.506-191.795-109.773-325.53-116.224-109.158-5.12-344.166 120.115-429.466 166.298H1024v-.001z\"\/>\n\t\t\t\t\t\t\t\t\t<path class=\"st2\" d=\"M0 182.086h1024V90.028C966.451 59.103 907.059 16.3 824.115 15.071 690.278 13.023 665.19 102.93 482.099 102.93S202.138-1.62 74.24.019C46.49.326 21.811 4.217 0 9.849v172.237z\"\/>\n\t\t\t\t\t\t\t\t\t<path class=\"st3\" d=\"M0 182.086h1024V80.505c-37.171 19.558-80.691 35.328-139.571 36.25-151.142 2.355-141.619-28.57-298.496-29.184s-138.854 47.002-305.459 43.725C132.813 128.428 91.238 44.563 0 28.179v153.907z\"\/>\n\t\t\t\t\t\t\t\t\t<path class=\"st4\" d=\"M0 182.086h1024v-77.312c-49.05 20.07-120.525 42.394-193.229 42.086-128.922-.512-159.846-72.294-255.795-72.294-89.088 0-134.656 80.179-245.043 82.022S169.063 99.346 49.971 97.401C32.768 97.094 16.077 99.244 0 103.135v78.951z\"\/>\n\t\t\t\t\t\t\t\t<\/svg><\/div><div class=\"fusion-section-separator-spacer\"><div class=\"fusion-section-separator-spacer-height\"><\/div><\/div><\/div><div class=\"fusion-title title fusion-title-1 fusion-sep-none fusion-title-text fusion-title-size-three\" style=\"--awb-margin-top:2%;\"><h3 class=\"fusion-title-heading title-heading-left\" style=\"margin:0;\">La meilleure fa\u00e7on d&rsquo;appr\u00e9hender cette histoire est de la diviser en trois parties :<\/h3><\/div><ul style=\"--awb-size:22px;--awb-item-padding-top:2%;--awb-item-padding-right:2%;--awb-item-padding-bottom:2%;--awb-item-padding-left:2%;--awb-line-height:37.4px;--awb-icon-width:37.4px;--awb-icon-height:37.4px;--awb-icon-margin:15.4px;--awb-content-margin:52.8px;--awb-circlecolor:var(--awb-color4);--awb-circle-yes-font-size:19.36px;\" class=\"fusion-checklist fusion-checklist-1 type-numbered\"><li class=\"fusion-li-item\" style=\"\"><span class=\"icon-wrapper circle-yes\">1<\/span><div class=\"fusion-li-item-content\">\n<p>L&rsquo;histoire qui a conduit au litige ;<\/p>\n<\/div><\/li><li class=\"fusion-li-item\" style=\"\"><span class=\"icon-wrapper circle-yes\">2<\/span><div class=\"fusion-li-item-content\">\n<p>La demande d&rsquo;arbitrage elle-m\u00eame ;<\/p>\n<\/div><\/li><li class=\"fusion-li-item\" style=\"\"><span class=\"icon-wrapper circle-yes\">3<\/span><div class=\"fusion-li-item-content\">\n<p>Les suites de l&rsquo;affaire. Comment la Malaisie tente d\u00e9sesp\u00e9r\u00e9ment de discr\u00e9diter l&rsquo;arbitrage dont elle fait l&rsquo;objet.<\/p>\n<\/div><\/li><\/ul><div class=\"fusion-title title fusion-title-2 fusion-sep-none fusion-title-text fusion-title-size-four\" style=\"--awb-margin-top:5%;--awb-margin-bottom:5%;\"><h4 class=\"fusion-title-heading title-heading-left\" style=\"margin:0;\">Sur ce site, vous trouverez les informations dont vous avez besoin sur les trois.<\/h4><\/div><div class=\"fusion-text fusion-text-1\"><h6><strong>Tout cela fait r\u00e9f\u00e9rence \u00e0 ce qui s&rsquo;appelle aujourd&rsquo;hui Sabah. <\/strong><\/h6>\n<p>Cette saga juridique d\u00e9coule de la cessation unilat\u00e9rale par la Malaisie du paiement des loyers de ce qui est aujourd&rsquo;hui l&rsquo;\u00c9tat de Sabah, une portion de territoire situ\u00e9e \u00e0 l&rsquo;extr\u00e9mit\u00e9 nord de l&rsquo;\u00eele de Born\u00e9o, ainsi que des eaux qui l&rsquo;entourent. Aux XVIIIe et XIXe si\u00e8cles, le territoire appartenait au sultan de Sulu, un souverain local qui dirigeait un empire maritime s&rsquo;\u00e9tendant sur toute l&rsquo;Asie du Sud-Est. Ce territoire est lou\u00e9 en vertu d&rsquo;un accord datant de 1878, en notre qualit\u00e9 d&rsquo;h\u00e9ritiers du Sultan de Sulu qui est \u00e0 l&rsquo;origine de l&rsquo;accord et dont le descendant nous l&rsquo;a l\u00e9gu\u00e9 en 1936. Pour \u00eatre clair, il n&rsquo;y a aucune incidence juridique par rapport \u00e0 qui pr\u00e9tend \u00eatre l&rsquo;actuel sultan de Sulu. Ce qui importe, pour notre part c&rsquo;est de savoir qui a h\u00e9rit\u00e9 du contrat de 1878 de notre c\u00f4t\u00e9. Pour sa part, la Malaisie a h\u00e9rit\u00e9 de l&rsquo;autre versant du contrat et l&rsquo;a honor\u00e9 pendant des ann\u00e9es.<\/p>\n<p>Dans le cadre d&rsquo;un processus d\u00e9cisionnel qui n&rsquo;a jamais \u00e9t\u00e9 rendu public, la Malaisie a cess\u00e9 de payer le loyer du territoire en 2013, ce qui a d\u00e9clench\u00e9 une crise juridique et financi\u00e8re lorsque nous avons eu recours \u00e0 l&rsquo;arbitrage et obtenu une sentence de 14,9 milliards de dollars.<\/p>\n<p>Cela a \u00e9galement d\u00e9clench\u00e9 un d\u00e9sastre constitutionnel enti\u00e8rement imputable \u00e0 la Malaisie : Si la Malaisie cesse de payer le bail, le territoire revient aux h\u00e9ritiers du sultan de Sulu, alors que nous n&rsquo;avions aucunement l&rsquo;intention de voir le bail prendre fin. Curieusement, bien que les politiciens malaisiens soient prompts \u00e0 crier \u00e0 la \u00ab\u00a0menace pour la souverainet\u00e9\u00a0\u00bb, ils ont du mal \u00e0 admettre qu&rsquo;ils ont g\u00e9n\u00e9r\u00e9 cette menace en traitant le bail de Sabah comme un jouet h\u00e9rit\u00e9, mais en omettant de lire les instructions sur la bo\u00eete.<\/p>\n<p>En 1878, le sultan a sign\u00e9 un contrat avec une compagnie britannique (Dent Brothers and Co.) pour la location perp\u00e9tuelle de ses possessions du nord de Born\u00e9o. Les fr\u00e8res Dent ont cr\u00e9\u00e9 une compagnie des Indes qui a fait faillite en 1946, ce qui a entra\u00een\u00e9 la reprise du contrat par le gouvernement britannique. La Grande-Bretagne a c\u00e9d\u00e9 le territoire \u00e0 la Malaisie en 1963. Chacune de ces parties successives a vers\u00e9 aux sultans de Sulu et \u00e0 leurs descendants (les \u00ab\u00a0h\u00e9ritiers\u00a0\u00bb, dont ce site web est le reflet) une somme annuelle pour le bail du territoire, jusqu&rsquo;\u00e0 ce que la Malaisie cesse silencieusement de payer en 2013.<\/p>\n<p>Pendant toute la dur\u00e9e du contrat, \u00e0 savoir entre 1878 et 2013, le loyer annuel n&rsquo;a \u00e9t\u00e9 augment\u00e9 qu&rsquo;une seule fois, en 1903, passant de 5 000 dollars (mexicains) [monnaie internationale standard \u00e0 l&rsquo;\u00e9poque] \u00e0 5 300 dollars. Dans le m\u00eame temps, la valeur du territoire a augment\u00e9 de fa\u00e7on exponentielle, surtout apr\u00e8s que des gisements de p\u00e9trole et de gaz aient \u00e9t\u00e9 d\u00e9couverts. Ces derni\u00e8res ann\u00e9es, la valeur du p\u00e9trole et du gaz aient a \u00e9t\u00e9, \u00e0 elle seule, de trois \u00e0 neuf millions de fois sup\u00e9rieure au paiement annuel du bail.<\/p>\n<p>Lorsque la Malaisie a cess\u00e9 de payer, les h\u00e9ritiers, apr\u00e8s avoir tent\u00e9 de n\u00e9gocier, ont introduit une demande d&rsquo;arbitrage en vertu du contrat. Cette demande a \u00e9t\u00e9 entendue d\u2019abord en Espagne puis en France (pour des rasions que vous pourrez lire sur le site). Il en r\u00e9sultant qu&rsquo;en f\u00e9vrier 2022, l&rsquo;arbitre accorda aux h\u00e9ritiers un peu moins de 15 milliards de dollars au titre de la rupture du contrat et d&rsquo;un concept juridique connu sous les noms de changement de circonstances, impr\u00e9visibilit\u00e9 ou impr\u00e9vision &#8211; c\u2019est essentiellement l&rsquo;id\u00e9e que les accords \u00e0 long terme doivent r\u00e9guli\u00e8rement \u00eatre r\u00e9vis\u00e9s parce que des \u00e9v\u00e9nements impr\u00e9visibles (comme des d\u00e9couvertes massives d&rsquo;hydrocarbures) se produisent.<\/p>\n<p>Depuis lors, les h\u00e9ritiers sont devenus des Demandeurs et ont tent\u00e9 de faire ex\u00e9cuter la d\u00e9cision arbitrale (connue sous le nom de \u00ab\u00a0Award\u00a0\u00bb) dans diff\u00e9rentes juridictions. Il s&rsquo;agit d&rsquo;une proc\u00e9dure juridique technique qui consiste \u00e0 s&rsquo;adresser aux tribunaux locaux afin qu&rsquo;ils transforment une sentence arbitrale en d\u00e9cision de justice. La Malaisie a choisi de ne pas participer \u00e0 la proc\u00e9dure d&rsquo;arbitrage qu\u2019elle avait h\u00e9rit\u00e9 lorsqu&rsquo;elle a h\u00e9rit\u00e9 de Sabah, mais en elle conteste maintenant l&rsquo;ex\u00e9cution dans ces juridictions.<\/p>\n<p>La Malaisie conteste \u00e9galement r\u00e9troactivement la sentence arbitrale, ce qu&rsquo;elle ne peut faire que dans le pays o\u00f9 cette sentence a \u00e9t\u00e9 rendue (en l&rsquo;occurrence, la France). Cette proc\u00e9dure se d\u00e9roulera au cours des deux prochaines ann\u00e9es.<\/p>\n<\/div><\/div><\/div><\/div><\/div>\n","protected":false},"excerpt":{"rendered":"","protected":false},"author":1,"featured_media":0,"parent":0,"menu_order":0,"comment_status":"closed","ping_status":"closed","template":"100-width.php","meta":{"footnotes":""},"class_list":["post-680","page","type-page","status-publish","hentry"],"_links":{"self":[{"href":"https:\/\/www.suluarbitration.com\/fr\/wp-json\/wp\/v2\/pages\/680","targetHints":{"allow":["GET"]}}],"collection":[{"href":"https:\/\/www.suluarbitration.com\/fr\/wp-json\/wp\/v2\/pages"}],"about":[{"href":"https:\/\/www.suluarbitration.com\/fr\/wp-json\/wp\/v2\/types\/page"}],"author":[{"embeddable":true,"href":"https:\/\/www.suluarbitration.com\/fr\/wp-json\/wp\/v2\/users\/1"}],"replies":[{"embeddable":true,"href":"https:\/\/www.suluarbitration.com\/fr\/wp-json\/wp\/v2\/comments?post=680"}],"version-history":[{"count":2,"href":"https:\/\/www.suluarbitration.com\/fr\/wp-json\/wp\/v2\/pages\/680\/revisions"}],"predecessor-version":[{"id":707,"href":"https:\/\/www.suluarbitration.com\/fr\/wp-json\/wp\/v2\/pages\/680\/revisions\/707"}],"wp:attachment":[{"href":"https:\/\/www.suluarbitration.com\/fr\/wp-json\/wp\/v2\/media?parent=680"}],"curies":[{"name":"wp","href":"https:\/\/api.w.org\/{rel}","templated":true}]}}