{"id":682,"date":"2024-06-29T14:17:16","date_gmt":"2024-06-29T14:17:16","guid":{"rendered":"https:\/\/www.suluarbitration.com\/?page_id=682"},"modified":"2024-07-15T16:23:59","modified_gmt":"2024-07-15T16:23:59","slug":"apercu-de-la-procedure-darbitrage","status":"publish","type":"page","link":"https:\/\/www.suluarbitration.com\/fr\/quest-ce-que-larbitrage-sulu\/apercu-de-la-procedure-darbitrage\/","title":{"rendered":"A quick look at the legal process of the arbitration"},"content":{"rendered":"<div class=\"fusion-fullwidth fullwidth-box fusion-builder-row-1 fusion-flex-container has-pattern-background has-mask-background nonhundred-percent-fullwidth non-hundred-percent-height-scrolling\" style=\"--awb-border-radius-top-left:0px;--awb-border-radius-top-right:0px;--awb-border-radius-bottom-right:0px;--awb-border-radius-bottom-left:0px;--awb-padding-top:4%;--awb-padding-right:4%;--awb-padding-bottom:4%;--awb-padding-left:4%;--awb-flex-wrap:wrap;\" ><div class=\"fusion-builder-row fusion-row fusion-flex-align-items-flex-start fusion-flex-content-wrap\" style=\"max-width:1248px;margin-left: calc(-4% \/ 2 );margin-right: calc(-4% \/ 2 );\"><div class=\"fusion-layout-column fusion_builder_column fusion-builder-column-0 fusion_builder_column_1_1 1_1 fusion-flex-column\" style=\"--awb-bg-size:cover;--awb-width-large:100%;--awb-margin-top-large:0px;--awb-spacing-right-large:1.92%;--awb-margin-bottom-large:0px;--awb-spacing-left-large:1.92%;--awb-width-medium:100%;--awb-spacing-right-medium:1.92%;--awb-spacing-left-medium:1.92%;--awb-width-small:100%;--awb-spacing-right-small:1.92%;--awb-spacing-left-small:1.92%;\"><div class=\"fusion-column-wrapper fusion-flex-justify-content-flex-start fusion-content-layout-column\"><div class=\"fusion-section-separator section-separator hills-opacity fusion-section-separator-1\" style=\"--awb-spacer-padding-top:inherit;--awb-svg-margin-left:1.92%;--awb-svg-margin-right:1.92%;--awb-svg-margin-left-medium:1.92%;--awb-svg-margin-right-medium:1.92%;--awb-svg-margin-left-small:1.92%;--awb-svg-margin-right-small:1.92%;--awb-divider-height:100px;--awb-spacer-height:100px;--awb-sep-font-size:0;--awb-sep-line-height:0;\"><div class=\"fusion-section-separator-svg\"><svg class=\"fusion-hills-opacity-candy\" xmlns=\"http:\/\/www.w3.org\/2000\/svg\" version=\"1.1\" width=\"100%\" viewBox=\"0 -0.5 1024 182\" preserveAspectRatio=\"none\" fill=\"rgba(133,151,153,1)\"><path class=\"st0\" d=\"M0 182.086h1024V41.593c-28.058-21.504-60.109-37.581-97.075-37.581-112.845 0-198.144 93.798-289.792 93.798S437.658 6.777 351.846 6.777s-142.234 82.125-238.49 82.125c-63.078 0-75.776-31.744-113.357-53.658L0 182.086z\"\/>\n\t\t\t\t\t\t\t\t\t<path class=\"st1\" d=\"M1024 181.062v-75.878c-39.731 15.872-80.794 27.341-117.658 25.805-110.387-4.506-191.795-109.773-325.53-116.224-109.158-5.12-344.166 120.115-429.466 166.298H1024v-.001z\"\/>\n\t\t\t\t\t\t\t\t\t<path class=\"st2\" d=\"M0 182.086h1024V90.028C966.451 59.103 907.059 16.3 824.115 15.071 690.278 13.023 665.19 102.93 482.099 102.93S202.138-1.62 74.24.019C46.49.326 21.811 4.217 0 9.849v172.237z\"\/>\n\t\t\t\t\t\t\t\t\t<path class=\"st3\" d=\"M0 182.086h1024V80.505c-37.171 19.558-80.691 35.328-139.571 36.25-151.142 2.355-141.619-28.57-298.496-29.184s-138.854 47.002-305.459 43.725C132.813 128.428 91.238 44.563 0 28.179v153.907z\"\/>\n\t\t\t\t\t\t\t\t\t<path class=\"st4\" d=\"M0 182.086h1024v-77.312c-49.05 20.07-120.525 42.394-193.229 42.086-128.922-.512-159.846-72.294-255.795-72.294-89.088 0-134.656 80.179-245.043 82.022S169.063 99.346 49.971 97.401C32.768 97.094 16.077 99.244 0 103.135v78.951z\"\/>\n\t\t\t\t\t\t\t\t<\/svg><\/div><div class=\"fusion-section-separator-spacer\"><div class=\"fusion-section-separator-spacer-height\"><\/div><\/div><\/div><div class=\"fusion-title title fusion-title-1 fusion-sep-none fusion-title-text fusion-title-size-three\" style=\"--awb-margin-top:2%;\"><h3 class=\"fusion-title-heading title-heading-left\" style=\"margin:0;\">Un rapide coup d&rsquo;oeil sur le processus juridique de l&rsquo;arbitrage : pourquoi y a-t-il tant de jugements?<\/h3><\/div><div class=\"fusion-title title fusion-title-2 fusion-sep-none fusion-title-text fusion-title-size-five\" style=\"--awb-margin-top:5%;--awb-margin-bottom:5%;\"><h5 class=\"fusion-title-heading title-heading-left\" style=\"margin:0;\">On peut vous pardonner de vous perdre dans les allers-retours juridiques de cette affaire qui dure depuis des ann\u00e9es. Vous trouverez ici un r\u00e9sum\u00e9 des principaux \u00e9v\u00e9nements de cet arbitrage (et de tous les autres) et de la mani\u00e8re dont ils s&rsquo;imbriquent les uns aux autres.<\/h5><\/div><div class=\"fusion-text fusion-text-1\"><h4>Le sentence arbitrale pr\u00e9liminaire (Preliminary Award)<\/h4>\n<p>Lorsque le tribunal de grande instance de Madrid (TSJM) a d\u00e9cid\u00e9 de s\u00e9lectionner un arbitre en mai 2019, elle a pris soin de pr\u00e9ciser qu&rsquo;elle ne pr\u00e9jugeait pas de la question de savoir si cet arbitre \u00e9tait effectivement comp\u00e9tent pour conna\u00eetre de l&rsquo;affaire.\u00a0 Cela semble certainement \u00e9trange pour quiconque n&rsquo;est pas familier avec l&rsquo;arbitrage.<\/p>\n<p>Mais voici comment cela fonctionne : il y a un concept en droit international connu sous le nom de Comp\u00e9tence-Comp\u00e9tence (parfois ennonc\u00e9 Kompetenz-Kompetenz : la m\u00eame chose, mais en allemand).\u00a0 Ce terme traite de la question de savoir qui est habilit\u00e9 \u00e0 d\u00e9terminer le degr\u00e9 de d\u00e9cision d&rsquo;une personne charg\u00e9e de l&rsquo;\u00e9tablissement des faits.\u00a0 Dans certains contextes, c&rsquo;est un juge qui d\u00e9cide de l&rsquo;\u00e9tendue de la responsabilit\u00e9 d&rsquo;un autre enqu\u00eateur (par exemple, un jury).\u00a0 Mais en droit international, un arbitre est charg\u00e9 de d\u00e9cider s&rsquo;il est comp\u00e9tent pour conna\u00eetre d&rsquo;une affaire.\u00a0 Il a la \u00ab\u00a0comp\u00e9tence\u00a0\u00bb de d\u00e9terminer sa comp\u00e9tence.<\/p>\n<p>Quelle est l&rsquo;importance de cette question sur le plan pratique ?\u00a0 Il arrive que l&rsquo;on ne sache pas exactement ce que les parties souhaitent r\u00e9soudre dans un litige.\u00a0 Elles peuvent r\u00e9diger une clause d&rsquo;arbitrage qui stipule ce qui suit \u00ab\u00a0en cas de litige grave entre nous, nous le soumettrons \u00e0 l&rsquo;arbitrage d&rsquo;un seul arbitre selon les r\u00e8gles de etc&#8230;\u00a0\u00bb<\/p>\n<p>La question \u00e9vidente qui se pose lorsqu&rsquo;une partie introduit une demande en vertu de cette clause est de savoir si le litige est \u00ab\u00a0s\u00e9rieux\u00a0\u00bb.\u00a0 En vertu de la doctrine Comp\u00e9tence-Comp\u00e9tence, c&rsquo;est \u00e0 l&rsquo;arbitre qu&rsquo;il appartiendra de trancher cette question.\u00a0 S&rsquo;il conclut que le litige n&rsquo;est pas s\u00e9rieux, il n&rsquo;est d\u00e8s lors pas comp\u00e9tent pour arbitrer et doit cesser de le faire.\u00a0 Mais le point essentiel, encore une fois, est que la d\u00e9cision appartient \u00e0 l&rsquo;arbitre.<\/p>\n<p>Dans notre cas, le tribunal de grande instance de Madrid (TSJM) a choisi de d\u00e9signer un arbitre parce qu&rsquo;il a estim\u00e9 qu&rsquo;il semblait \u00e0 <em>premi\u00e8re vue <\/em>(prima facie) y avoir une clause d&rsquo;arbitrage dans l&rsquo;accord de 1878.\u00a0 Mais la d\u00e9termination finale <em>\u00e0 savoir s&rsquo;il existe<\/em> d\u2019une clause d&rsquo;arbitrage ex\u00e9cutoire incombe \u00e0 l&rsquo;arbitre.<\/p>\n<p>C&rsquo;est sur ce point que portait le sentence arbitrale pr\u00e9liminaire (Preliminary Award) de Stampa.\u00a0 Stampa devait \u00eatre persuad\u00e9 que les termes de l&rsquo;accord de 1878 (\u00e9crit en malais formel avec une \u00e9criture arabe connue sous le nom de <em>Jawi<\/em>) constituaient un accord d&rsquo;arbitrage.\u00a0 Pour ce faire, il a d\u00fb examiner une s\u00e9rie de traductions de l&rsquo;accord du <em>jawi <\/em>vers l&rsquo;espagnol et l&rsquo;anglais.<\/p>\n<p>Stampa en conclut que la traduction la plus fiable \u00e9tait celle qui avait \u00e9t\u00e9 faite \u00e0 l&rsquo;\u00e9poque (<em>c&rsquo;est-\u00e0-dire <\/em>en 1878) en espagnol. Les Espagnols apr\u00e8s tout n&rsquo;\u00e9taient pas parties \u00e0 l&rsquo;accord de 1878 et pouvaient ainsi \u00eatre consid\u00e9r\u00e9s comme plus d\u00e9sint\u00e9ress\u00e9s que les traductions contemporaines ou ult\u00e9rieures \u00e9tablies au nom des int\u00e9r\u00eats britanniques, malaisiens ou philippins.\u00a0 La traduction espagnole r\u00e9f\u00e8re au Consul g\u00e9n\u00e9ral exer\u00e7ant la fonction de <em>juicio <\/em>(jugement).<\/p>\n<p>Cela ressemble \u00e0 une intention claire que le consul g\u00e9n\u00e9ral (ou son rempla\u00e7ant, en l&rsquo;occurrence Stampa) tranche sur question (de mani\u00e8re d\u00e9finitive), comme le ferait un juge.\u00a0 Sur cette base, M. Stampa a d\u00e9termin\u00e9 qu&rsquo;il existait une clause d&rsquo;arbitrage ex\u00e9cutoires et qu&rsquo;il \u00e9tait donc comp\u00e9tent.\u00a0 Il a donc rendu une sentence arbitrale pr\u00e9liminaire (Preliminary Award) afin d\u2019expliquer pour expliquer son raisonnement.<\/p>\n<p>Stampa \u00e9tant d\u00e9clar\u00e9 comp\u00e9tent, il lui incombait \u00e0 pr\u00e9sent de rendre une r\u00e9compense finale (Final Award) sur le fond du litige. Les points cl\u00e9s du litige \u00e9taient de savoir si la Malaisie avait viol\u00e9 l&rsquo;accord de 1878 en cessant les paiements, si l&rsquo;accord devait donc \u00eatre r\u00e9sili\u00e9 et si le montant du paiement en cas de rupture devait \u00eatre augment\u00e9 afin de refl\u00e9ter les r\u00e9alit\u00e9s commerciales des ann\u00e9es 2020 plut\u00f4t que celles des ann\u00e9es 1870. M. Stampa a r\u00e9pondu par l&rsquo;affirmative sur tous ces points.<\/p>\n<h4>Le sentence arbitrale finale (Final Award)<\/h4>\n<p>Comme vous le savez si vous avez lu d&rsquo;autres d\u00e9veloppements sur ce site, la sentence finale de Stampa a \u00e9t\u00e9 rendue en France plut\u00f4t qu&rsquo;en Espagne, o\u00f9 l&rsquo;arbitrage avait commenc\u00e9. Les raisons de cette situation sont abord\u00e9es ailleurs. La <em>fa\u00e7on<\/em> dont cela s&rsquo;est produit est le r\u00e9sultat d\u2019une des d\u00e9marches juridiques effectu\u00e9es par les Demandeurs &#8211; <em>l&rsquo;exequatur<\/em> de le sentence arbitrale pr\u00e9liminaire en France.<\/p>\n<h4>Exequatur<\/h4>\n<p><em>Exequatur<\/em> L&rsquo;exequatur d\u00e9signe essentiellement la reconnaissance d&rsquo;une sentence arbitrale dans une juridiction autre que celle o\u00f9 elle a \u00e9t\u00e9 rendue. Vous avez une sentence arbitrale en Chine que vous souhaitez faire reconna\u00eetre \u00e0 Singapour ? Introduisez une action en exequatur devant un tribunal de Singapour, afin de l&rsquo;importer \u00e0 Singapour, o\u00f9 les tribunaux de Singapour vont la reconna\u00eetre et agir en cons\u00e9quence.<\/p>\n<p>Si la Malaisie continue \u00e0 s&rsquo;opposer \u00e0 la sentence arbitrale, \u00e0 refuser de payer ou de n\u00e9gocier et \u00e0 crier \u00e0 l&rsquo;injustice, au terrorisme ou au sabotage \u00e9conomique (si vous avez suivi les d\u00e9clarations publiques des ministres malaisiens, vous avez compris), l&rsquo;ex\u00e9cution, est le processus par lequel nous demanderons aux tribunaux du monde entier de geler puis de confisquer les avoirs malaisiens.<\/p>\n<p>La Malaisie s&rsquo;est occasionnellement plainte que l&rsquo;action en exequatur intent\u00e9e par les Demandeurs en France en septembre 2021 \u00e9tait ex parte (faite sans pr\u00e9venir l&rsquo;autre partie). Mais c&rsquo;est ainsi que fonctionnent les actions en exequatur en France. Une fois la reconnaissance accord\u00e9e, nous avons r\u00e9v\u00e9l\u00e9 l&rsquo;action \u00e0 la Malaisie lorsque nos avocats ont \u00e9crit \u00e0 Stampa (avec copie \u00e0 la Malaisie) pour lui demander de d\u00e9placer l&rsquo;examen de la sentence arbitrale finale dans ce pays. D&rsquo;ailleurs, bien que le gouvernement malaisien ait sembl\u00e9 choqu\u00e9 en f\u00e9vrier 2022 lorsque la sentence finale a \u00e9t\u00e9 annonc\u00e9e, il n&rsquo;a pas vraiment \u00e9t\u00e9 pris par surprise. M. Stampa avait envoy\u00e9 en copie \u00e0 l&rsquo;Attorney-General de Malaisie chaque \u00e9tape et chaque communication de la proc\u00e9dure d&rsquo;arbitrage.<\/p>\n<p>Il est important de noter que c&rsquo;est cette premi\u00e8re action en exequatur &#8211; c&rsquo;est-\u00e0-dire la reconnaissance de le sentence arbitrale pr\u00e9liminaire (Preliminary Award) espagnole en France &#8211; que la Cour d&rsquo;appel de Paris a annul\u00e9e en juin 2023. Le sentence arbitrale finale (Final Award) de f\u00e9vrier 2022, rendue en France, n&rsquo;a pas \u00e9t\u00e9 contest\u00e9e avec succ\u00e8s. De plus, la Cour d&rsquo;appel de Paris a d\u00e9cid\u00e9 que la contestation de la sentence arbitrale finale ne pouvait pas aller de l&rsquo;avant tant que l&rsquo;appel des Demandeurs de la d\u00e9cision de juin 2023 sur la sentence arbitrale pr\u00e9liminaire n&rsquo;avait pas \u00e9t\u00e9 tranch\u00e9e par la Cour de cassation fran\u00e7aise.<\/p>\n<\/div><\/div><\/div><\/div><\/div>\n","protected":false},"excerpt":{"rendered":"","protected":false},"author":1,"featured_media":0,"parent":680,"menu_order":0,"comment_status":"closed","ping_status":"closed","template":"100-width.php","meta":{"footnotes":""},"class_list":["post-682","page","type-page","status-publish","hentry"],"_links":{"self":[{"href":"https:\/\/www.suluarbitration.com\/fr\/wp-json\/wp\/v2\/pages\/682","targetHints":{"allow":["GET"]}}],"collection":[{"href":"https:\/\/www.suluarbitration.com\/fr\/wp-json\/wp\/v2\/pages"}],"about":[{"href":"https:\/\/www.suluarbitration.com\/fr\/wp-json\/wp\/v2\/types\/page"}],"author":[{"embeddable":true,"href":"https:\/\/www.suluarbitration.com\/fr\/wp-json\/wp\/v2\/users\/1"}],"replies":[{"embeddable":true,"href":"https:\/\/www.suluarbitration.com\/fr\/wp-json\/wp\/v2\/comments?post=682"}],"version-history":[{"count":2,"href":"https:\/\/www.suluarbitration.com\/fr\/wp-json\/wp\/v2\/pages\/682\/revisions"}],"predecessor-version":[{"id":708,"href":"https:\/\/www.suluarbitration.com\/fr\/wp-json\/wp\/v2\/pages\/682\/revisions\/708"}],"up":[{"embeddable":true,"href":"https:\/\/www.suluarbitration.com\/fr\/wp-json\/wp\/v2\/pages\/680"}],"wp:attachment":[{"href":"https:\/\/www.suluarbitration.com\/fr\/wp-json\/wp\/v2\/media?parent=682"}],"curies":[{"name":"wp","href":"https:\/\/api.w.org\/{rel}","templated":true}]}}