{"id":684,"date":"2024-06-29T14:33:51","date_gmt":"2024-06-29T14:33:51","guid":{"rendered":"https:\/\/www.suluarbitration.com\/?page_id=684"},"modified":"2024-07-15T16:29:20","modified_gmt":"2024-07-15T16:29:20","slug":"opinion-de-la-malaisie-et-dautres","status":"publish","type":"page","link":"https:\/\/www.suluarbitration.com\/fr\/quest-ce-que-larbitrage-sulu\/opinion-de-la-malaisie-et-dautres\/","title":{"rendered":"L&rsquo;opinion de la Malaisie et d&rsquo;autres pays"},"content":{"rendered":"<div class=\"fusion-fullwidth fullwidth-box fusion-builder-row-1 fusion-flex-container has-pattern-background has-mask-background nonhundred-percent-fullwidth non-hundred-percent-height-scrolling\" style=\"--awb-border-radius-top-left:0px;--awb-border-radius-top-right:0px;--awb-border-radius-bottom-right:0px;--awb-border-radius-bottom-left:0px;--awb-padding-top:4%;--awb-padding-right:4%;--awb-padding-bottom:4%;--awb-padding-left:4%;--awb-flex-wrap:wrap;\" ><div class=\"fusion-builder-row fusion-row fusion-flex-align-items-flex-start fusion-flex-content-wrap\" style=\"max-width:1248px;margin-left: calc(-4% \/ 2 );margin-right: calc(-4% \/ 2 );\"><div class=\"fusion-layout-column fusion_builder_column fusion-builder-column-0 fusion_builder_column_1_1 1_1 fusion-flex-column\" style=\"--awb-bg-blend:overlay;--awb-bg-size:cover;--awb-width-large:100%;--awb-margin-top-large:0px;--awb-spacing-right-large:1.92%;--awb-margin-bottom-large:0px;--awb-spacing-left-large:1.92%;--awb-width-medium:100%;--awb-spacing-right-medium:1.92%;--awb-spacing-left-medium:1.92%;--awb-width-small:100%;--awb-spacing-right-small:1.92%;--awb-spacing-left-small:1.92%;\"><div class=\"fusion-column-wrapper fusion-flex-justify-content-flex-start fusion-content-layout-column\"><div class=\"fusion-section-separator section-separator hills-opacity fusion-section-separator-1\" style=\"--awb-spacer-padding-top:inherit;--awb-svg-margin-left:1.92%;--awb-svg-margin-right:1.92%;--awb-svg-margin-left-medium:1.92%;--awb-svg-margin-right-medium:1.92%;--awb-svg-margin-left-small:1.92%;--awb-svg-margin-right-small:1.92%;--awb-divider-height:100px;--awb-spacer-height:100px;--awb-sep-font-size:0;--awb-sep-line-height:0;\"><div class=\"fusion-section-separator-svg\"><svg class=\"fusion-hills-opacity-candy\" xmlns=\"http:\/\/www.w3.org\/2000\/svg\" version=\"1.1\" width=\"100%\" viewBox=\"0 -0.5 1024 182\" preserveAspectRatio=\"none\" fill=\"rgba(133,151,153,1)\"><path class=\"st0\" d=\"M0 182.086h1024V41.593c-28.058-21.504-60.109-37.581-97.075-37.581-112.845 0-198.144 93.798-289.792 93.798S437.658 6.777 351.846 6.777s-142.234 82.125-238.49 82.125c-63.078 0-75.776-31.744-113.357-53.658L0 182.086z\"\/>\n\t\t\t\t\t\t\t\t\t<path class=\"st1\" d=\"M1024 181.062v-75.878c-39.731 15.872-80.794 27.341-117.658 25.805-110.387-4.506-191.795-109.773-325.53-116.224-109.158-5.12-344.166 120.115-429.466 166.298H1024v-.001z\"\/>\n\t\t\t\t\t\t\t\t\t<path class=\"st2\" d=\"M0 182.086h1024V90.028C966.451 59.103 907.059 16.3 824.115 15.071 690.278 13.023 665.19 102.93 482.099 102.93S202.138-1.62 74.24.019C46.49.326 21.811 4.217 0 9.849v172.237z\"\/>\n\t\t\t\t\t\t\t\t\t<path class=\"st3\" d=\"M0 182.086h1024V80.505c-37.171 19.558-80.691 35.328-139.571 36.25-151.142 2.355-141.619-28.57-298.496-29.184s-138.854 47.002-305.459 43.725C132.813 128.428 91.238 44.563 0 28.179v153.907z\"\/>\n\t\t\t\t\t\t\t\t\t<path class=\"st4\" d=\"M0 182.086h1024v-77.312c-49.05 20.07-120.525 42.394-193.229 42.086-128.922-.512-159.846-72.294-255.795-72.294-89.088 0-134.656 80.179-245.043 82.022S169.063 99.346 49.971 97.401C32.768 97.094 16.077 99.244 0 103.135v78.951z\"\/>\n\t\t\t\t\t\t\t\t<\/svg><\/div><div class=\"fusion-section-separator-spacer\"><div class=\"fusion-section-separator-spacer-height\"><\/div><\/div><\/div><div class=\"fusion-title title fusion-title-1 fusion-sep-none fusion-title-text fusion-title-size-three\" style=\"--awb-margin-top:2%;\"><h3 class=\"fusion-title-heading title-heading-left\" style=\"margin:0;\"><strong>L&rsquo;opinion de la Malaisie et d&rsquo;autres pays<\/strong><\/h3><\/div><div class=\"fusion-title title fusion-title-2 fusion-sep-none fusion-title-text fusion-title-size-five\" style=\"--awb-margin-top:5%;--awb-margin-bottom:5%;\"><h5 class=\"fusion-title-heading title-heading-left\" style=\"margin:0;\">Il se peut que vous souhaitiez en savoir plus, \u00e0 partir d&rsquo;autres sources.\u00a0 Vous trouverez dans la presse malaisienne de ces derni\u00e8res ann\u00e9es un \u00ab\u00a0mur de bruit\u00a0\u00bb, dont la plupart ne citent que le gouvernement malaisien et ses partisans, et dont une grande partie est tr\u00e8s inexacte et trompeuse.\u00a0 Certains journalistes ont \u00e9t\u00e9 plus p\u00e9n\u00e9trants et mesur\u00e9s que d&rsquo;autres.<\/h5><\/div><div class=\"fusion-text fusion-text-1\"><p>Cet article du <a href=\"https:\/\/www.ft.com\/content\/0f4b655d-ef28-446a-8e3c-37090ef138da\" target=\"_blank\" rel=\"noopener\">Financial Times<\/a> est un dat\u00e9, mais tr\u00e8s bon.\u00a0 Celui-ci, tir\u00e9 de <a href=\"https:\/\/asia.nikkei.com\/Spotlight\/The-Big-Story\/Inside-Malaysia-s-15bn-battle-with-the-lost-Sultanate-of-Sulu\" target=\"_blank\" rel=\"noopener\">Nikkei<\/a>, porte principalement sur Sulu est \u00e9galement tr\u00e8s bon. Nous vous sugg\u00e9rons \u00e9galement de consulter <a href=\"https:\/\/www.economist.com\/asia\/2022\/08\/18\/a-judgment-in-europe-awards-billions-to-a-forgotten-filipino-monarchy\" target=\"_blank\" rel=\"noopener\">The Economist, ici<\/a>.\u00a0 En Malaisie, The Edge a \u00e9crit une couverture sur le sujet \u00e9quilibr\u00e9e jusqu&rsquo;au moment o\u00f9 le ministre du droit a annonc\u00e9 que tout Malaisien \u00ab\u00a0aidant\u00a0\u00bb cette affaire juridique serait coupable de trahison, pour laquelle &#8211; a-t-elle d\u00e9clar\u00e9 avec jubilation &#8211; la peine de mort est encourue.\u00a0\u00a0 Il s&rsquo;agit l\u00e0 d&rsquo;une attitude bien \u00e9trange \u00e0 l&rsquo;\u00e9gard du droit (ou m\u00eame du journalisme).\u00a0 Compr\u00e9hensiblement, le journal The Edge a sembl\u00e9 se d\u00e9sint\u00e9resser de l&rsquo;affaire apr\u00e8s cela.<\/p>\n<p><a href=\"https:\/\/www.malaysia-sulucase.gov.my\/\" target=\"_blank\" rel=\"noopener\">Le site web du gouvernement malaisien<\/a>, qui traite de cette question, m\u00e9rite d&rsquo;\u00eatre consult\u00e9. Pour quiconque conna\u00eet la v\u00e9rit\u00e9 sur cette affaire, il est involontairement dr\u00f4le, plein de distorsions et de demi-faits.\u00a0 Ils ne vous parlent tout simplement pas des d\u00e9cisions fondamentales qui ne leur conviennent pas.\u00a0\u00a0\u00a0 Vous pouvez aussi lire le livre \u00e9lectronique de la ministre du droit Azalina Othman Said.\u00a0 Il n&rsquo;est pas long et il est essentiellement compos\u00e9 d&rsquo;images.\u00a0 Nous admirons la capacit\u00e9 de la ministre \u00e0 traiter avec \u00e9nergie de cette question complexe sans \u00eatre tenue par les faits.<\/p>\n<\/div><\/div><\/div><\/div><\/div>\n","protected":false},"excerpt":{"rendered":"","protected":false},"author":1,"featured_media":0,"parent":680,"menu_order":0,"comment_status":"closed","ping_status":"closed","template":"100-width.php","meta":{"footnotes":""},"class_list":["post-684","page","type-page","status-publish","hentry"],"_links":{"self":[{"href":"https:\/\/www.suluarbitration.com\/fr\/wp-json\/wp\/v2\/pages\/684","targetHints":{"allow":["GET"]}}],"collection":[{"href":"https:\/\/www.suluarbitration.com\/fr\/wp-json\/wp\/v2\/pages"}],"about":[{"href":"https:\/\/www.suluarbitration.com\/fr\/wp-json\/wp\/v2\/types\/page"}],"author":[{"embeddable":true,"href":"https:\/\/www.suluarbitration.com\/fr\/wp-json\/wp\/v2\/users\/1"}],"replies":[{"embeddable":true,"href":"https:\/\/www.suluarbitration.com\/fr\/wp-json\/wp\/v2\/comments?post=684"}],"version-history":[{"count":1,"href":"https:\/\/www.suluarbitration.com\/fr\/wp-json\/wp\/v2\/pages\/684\/revisions"}],"predecessor-version":[{"id":685,"href":"https:\/\/www.suluarbitration.com\/fr\/wp-json\/wp\/v2\/pages\/684\/revisions\/685"}],"up":[{"embeddable":true,"href":"https:\/\/www.suluarbitration.com\/fr\/wp-json\/wp\/v2\/pages\/680"}],"wp:attachment":[{"href":"https:\/\/www.suluarbitration.com\/fr\/wp-json\/wp\/v2\/media?parent=684"}],"curies":[{"name":"wp","href":"https:\/\/api.w.org\/{rel}","templated":true}]}}