{"id":686,"date":"2024-06-29T14:56:18","date_gmt":"2024-06-29T14:56:18","guid":{"rendered":"https:\/\/www.suluarbitration.com\/?page_id=686"},"modified":"2024-07-15T15:01:26","modified_gmt":"2024-07-15T15:01:26","slug":"lhistoire","status":"publish","type":"page","link":"https:\/\/www.suluarbitration.com\/fr\/lhistoire\/","title":{"rendered":"L\u2019histoire"},"content":{"rendered":"<div class=\"fusion-fullwidth fullwidth-box fusion-builder-row-1 fusion-flex-container has-pattern-background has-mask-background nonhundred-percent-fullwidth non-hundred-percent-height-scrolling\" style=\"--awb-border-radius-top-left:0px;--awb-border-radius-top-right:0px;--awb-border-radius-bottom-right:0px;--awb-border-radius-bottom-left:0px;--awb-padding-top:4%;--awb-padding-right:4%;--awb-padding-bottom:4%;--awb-padding-left:4%;--awb-flex-wrap:wrap;\" ><div class=\"fusion-builder-row fusion-row fusion-flex-align-items-flex-start fusion-flex-content-wrap\" style=\"max-width:1248px;margin-left: calc(-4% \/ 2 );margin-right: calc(-4% \/ 2 );\"><div class=\"fusion-layout-column fusion_builder_column fusion-builder-column-0 fusion_builder_column_1_1 1_1 fusion-flex-column\" style=\"--awb-bg-blend:overlay;--awb-bg-size:cover;--awb-width-large:100%;--awb-margin-top-large:0px;--awb-spacing-right-large:1.92%;--awb-margin-bottom-large:0px;--awb-spacing-left-large:1.92%;--awb-width-medium:100%;--awb-spacing-right-medium:1.92%;--awb-spacing-left-medium:1.92%;--awb-width-small:100%;--awb-spacing-right-small:1.92%;--awb-spacing-left-small:1.92%;\"><div class=\"fusion-column-wrapper fusion-flex-justify-content-flex-start fusion-content-layout-column\"><div class=\"fusion-section-separator section-separator hills-opacity fusion-section-separator-1\" style=\"--awb-spacer-padding-top:inherit;--awb-svg-margin-left:1.92%;--awb-svg-margin-right:1.92%;--awb-svg-margin-left-medium:1.92%;--awb-svg-margin-right-medium:1.92%;--awb-svg-margin-left-small:1.92%;--awb-svg-margin-right-small:1.92%;--awb-divider-height:100px;--awb-spacer-height:100px;--awb-sep-font-size:0;--awb-sep-line-height:0;\"><div class=\"fusion-section-separator-svg\"><svg class=\"fusion-hills-opacity-candy\" xmlns=\"http:\/\/www.w3.org\/2000\/svg\" version=\"1.1\" width=\"100%\" viewBox=\"0 -0.5 1024 182\" preserveAspectRatio=\"none\" fill=\"rgba(133,151,153,1)\"><path class=\"st0\" d=\"M0 182.086h1024V41.593c-28.058-21.504-60.109-37.581-97.075-37.581-112.845 0-198.144 93.798-289.792 93.798S437.658 6.777 351.846 6.777s-142.234 82.125-238.49 82.125c-63.078 0-75.776-31.744-113.357-53.658L0 182.086z\"\/>\n\t\t\t\t\t\t\t\t\t<path class=\"st1\" d=\"M1024 181.062v-75.878c-39.731 15.872-80.794 27.341-117.658 25.805-110.387-4.506-191.795-109.773-325.53-116.224-109.158-5.12-344.166 120.115-429.466 166.298H1024v-.001z\"\/>\n\t\t\t\t\t\t\t\t\t<path class=\"st2\" d=\"M0 182.086h1024V90.028C966.451 59.103 907.059 16.3 824.115 15.071 690.278 13.023 665.19 102.93 482.099 102.93S202.138-1.62 74.24.019C46.49.326 21.811 4.217 0 9.849v172.237z\"\/>\n\t\t\t\t\t\t\t\t\t<path class=\"st3\" d=\"M0 182.086h1024V80.505c-37.171 19.558-80.691 35.328-139.571 36.25-151.142 2.355-141.619-28.57-298.496-29.184s-138.854 47.002-305.459 43.725C132.813 128.428 91.238 44.563 0 28.179v153.907z\"\/>\n\t\t\t\t\t\t\t\t\t<path class=\"st4\" d=\"M0 182.086h1024v-77.312c-49.05 20.07-120.525 42.394-193.229 42.086-128.922-.512-159.846-72.294-255.795-72.294-89.088 0-134.656 80.179-245.043 82.022S169.063 99.346 49.971 97.401C32.768 97.094 16.077 99.244 0 103.135v78.951z\"\/>\n\t\t\t\t\t\t\t\t<\/svg><\/div><div class=\"fusion-section-separator-spacer\"><div class=\"fusion-section-separator-spacer-height\"><\/div><\/div><\/div><div class=\"fusion-title title fusion-title-1 fusion-sep-none fusion-title-text fusion-title-size-three\" style=\"--awb-margin-top:2%;\"><h3 class=\"fusion-title-heading title-heading-left\" style=\"margin:0;\"><strong>Comment en sommes-nous arriv\u00e9s l\u00e0 ?\u00a0 Un r\u00e9cit jusqu&rsquo;en 2013<\/strong><\/h3><\/div><div class=\"fusion-text fusion-text-1\"><h4>TLe contrat de bail original &#8211; 1878<\/h4>\n<p>De nombreuses sources publiques ont d\u00e9crit <a href=\"https:\/\/www.suluarbitration.com\/wp-content\/uploads\/2024\/06\/Key-Document-1-1878-Agreement.pdf\">le document original<\/a> qui a servi de base \u00e0 notre action en justice.\u00a0 Au d\u00e9but de l&rsquo;ann\u00e9e 1878, un Autrichien portant le magnifique nom de Gustavus von Overbeck travaillait pour une entreprise anglaise appel\u00e9e Dent Brothers.\u00a0 Les Dent \u00e9taient \u00e0 la recherche d&rsquo;un port de choix susceptible de constituer un comptoir commercial en Asie du Sud-Est.\u00a0 Ils tomb\u00e8rent sur une parcelle au nord de Born\u00e9o jouxtant Brunei.\u00a0 Overbeck a d&rsquo;abord pris contact avec le sultan de Brunei pour lui demander de louer le terrain.<\/p>\n<p>Il s&rsquo;agissait bien d&rsquo;un bail, d&rsquo;ailleurs.\u00a0 C&rsquo;est l&rsquo;une des probl\u00e9matiques les plus vexantes aujourd&rsquo;hui, car rien n&rsquo;irrite plus la Malaisie que de laisser entendre qu&rsquo;elle ne d\u00e9tient qu&rsquo;un bail sur le territoire.<\/p>\n<p>Un contrat aurait \u00e9t\u00e9 sign\u00e9 avec le sultan de Brunei. La question de savoir s&rsquo;il a \u00e9t\u00e9 pay\u00e9 est une question perdue dans le temps.\u00a0 Quoi qu&rsquo;il en soit, le sultan de Brunei aurait dit \u00e0 Overbeck que la terre ne lui appartenait pas ; son anc\u00eatre l&rsquo;avait donn\u00e9e au sultan de Sulu, de l&rsquo;autre c\u00f4t\u00e9 de la mer, quelques si\u00e8cles plus t\u00f4t.<\/p>\n<p>Pour s&rsquo;assurer de sa situation juridique, Overbeck se rendit \u00e0 Sulu pour y rencontrer le Sultan.\u00a0 Il fut accompagn\u00e9 par William Treacher, consul g\u00e9n\u00e9ral [britannique] par int\u00e9rim pour le nord de Born\u00e9o.\u00a0 Treacher \u00e9tait \u00e9galement accompagn\u00e9 de son traducteur. Nous connaissons la suite des \u00e9v\u00e9nements gr\u00e2ce \u00e0 l&rsquo;abondante correspondance de Treacher avec le Foreign Office (minist\u00e8re des Affaires \u00e9trang\u00e8re).\u00a0 Cette correspondance se trouve aux <a href=\"https:\/\/www.nationalarchives.gov.uk\/\" target=\"_blank\" rel=\"noopener\">Archives nationales du Royaume-Uni, \u00e0 Kew<\/a>, au sud de Londres. Treacher demanda au Sultan combien lui portaient profit ses territoires de Born\u00e9o.\u00a0 Le Sultan r\u00e9pondit qu&rsquo;il tirait 5 000 dollars par an des ressources naturelles, qui consistaient alors en nids d&rsquo;oiseaux et en perles de semence.\u00a0\u00a0 Sur cette base, la compensation pr\u00e9vue dans le contrat fut fix\u00e9e \u00e0 5 000 dollars par an, en \u00e9change de l&rsquo;utilisation illimit\u00e9e des territoires de Born\u00e9o du Sultan.<\/p>\n<p>Quelqu&rsquo;un a pr\u00e9para l&rsquo;accord en Jawi, une forme de Malais traditionnel en \u00e9criture arabe.\u00a0 Le Sultan y apposa son sceau et l\u2019affaire fut ainsi conclue.<\/p>\n<p>La raison pour laquelle l&rsquo;indemnisation \u00e9tait libell\u00e9e en dollars n&rsquo;est pas claire, ni d&rsquo;ailleurs de quels dollars les parties parlaient.\u00a0 Il n&rsquo;en reste pas moins que l&rsquo;accord visait \u00e0 indemniser int\u00e9gralement le Sultan pour la perte de sa capacit\u00e9 \u00e0 exploiter les ressources de son territoire dans le nord de Born\u00e9o, et que les fr\u00e8res Dent (et Overbeck) ont pu en faire ce qu&rsquo;ils voulaient, dans le cadre du contrat.<\/p>\n<p>Comme la version de contr\u00f4le de l&rsquo;accord \u00e9tait en jawi, ce que nous savons du document nous parvient de seconde main &#8211; \u00e0 moins de lire le Jawi, qui est un domaine tr\u00e8s sp\u00e9cialis\u00e9.\u00a0 La difficult\u00e9 dont nous entendons le plus parler est la signification du mot <em>pajakkan <\/em>: Vous pourriez le traduire par \u00ab\u00a0grant and cede\u00a0\u00bb (c&rsquo;<em>est-\u00e0-dire <\/em>une cession permanente), alors que le gouvernement philippin, les requ\u00e9rants et &lsquo;autres le traduisent par \u00ab\u00a0lease\u00a0\u00bb (bail). Tout comme Google&#8230;<\/p>\n<p>Cette derni\u00e8re traduction est plus cr\u00e9dible, \u00e9tant donn\u00e9 la structure de l&rsquo;accord &#8211; un paiement annuel.\u00a0 Une cession compl\u00e8te aurait impliqu\u00e9 un paiement unique, comme l&rsquo;achat suppos\u00e9 de Manhattan par les N\u00e9erlandais en 1626 pour 60 florins.<\/p>\n<p>De plus, Treacher et les repr\u00e9sentants de la Dent font r\u00e9f\u00e9rence au territoire dans leurs rapports contemporains en tant que \u00ab\u00a0bail\u00a0\u00bb ou \u00ab\u00a0location\u00a0\u00bb.\u00a0 Ils utilisent ces termes de mani\u00e8re interchangeable avec le terme \u00ab\u00a0cession\u00a0\u00bb.\u00a0 L\u00e0 o\u00f9 cession (en langage moderne) est ambigu, <em>bail <\/em>et <em>location <\/em>sont sans ambigu\u00eft\u00e9.\u00a0 La partie britannique demanda un bail, a obtenu un bail et a pay\u00e9 pour un bail.<\/p>\n<p>L&rsquo;autre disposition de cet ancien accord &#8211; et celle qui fait que nous en discutons aujourd&rsquo;hui au lieu de languir dans des archives poussi\u00e9reuses &#8211; est celle qui concerne le r\u00e8glement des diff\u00e9rends.\u00a0 L\u00e0 encore, les traductions diff\u00e8rent l\u00e9g\u00e8rement, mais pour reprendre la traduction de la version sur laquelle s&rsquo;appuie la Malaisie, elle stipule ce qui suit :<\/p>\n<p style=\"padding-left: 80px;\"><em>Au cas o\u00f9 un diff\u00e9rend surviendrait entre Son Altesse le Sultan, ses h\u00e9ritiers ou ses successeurs et ledit Gustavus Baron de Overbeck ou sa Compagnie, il est convenu que l&rsquo;affaire sera soumise au Consul g\u00e9n\u00e9ral de Sa Majest\u00e9 britannique \u00e0 Born\u00e9o.<\/em><\/p>\n<p>C&rsquo;est cette disposition que nos avocats ont utilis\u00e9e pour faire valoir que <strong>l&rsquo;accord contenait une clause d&rsquo;arbitrage<\/strong>.\u00a0 La Malaisie affirme qu&rsquo;<strong>il n&rsquo;y a pas de clause d&rsquo;arbitrage<\/strong>.\u00a0 Un ministre malaisien affirme joyeusement que le mot \u00ab\u00a0arbitrage\u00a0\u00bb n&rsquo;appara\u00eet pas dans l&rsquo;accord. \u00c9tant donn\u00e9 que le mot \u00ab\u00a0arbitrage\u00a0\u00bb n&rsquo;existe pas en jawi et que le jawi est la langue archa\u00efque dans laquelle l&rsquo;accord sign\u00e9 a \u00e9t\u00e9 r\u00e9dig\u00e9, il serait tr\u00e8s suspect que ce mot apparaisse dans un document datant de 1878 !\u00a0 Une clause d&rsquo;arbitrage est une clause qui \u00e9tablit l&rsquo;intention de recourir \u00e0 une tierce partie afin de trancher un litige.\u00a0 Lisez la citation ci-dessus.\u00a0 Les tribunaux fran\u00e7ais et espagnols (ainsi que le bon sens) ont jug\u00e9 qu&rsquo;il s&rsquo;agissait d&rsquo;une clause d&rsquo;arbitrage.<\/p>\n<p>Le Consul g\u00e9n\u00e9ral en exercice, incidemment, \u00e0 l&rsquo;\u00e9poque n&rsquo;\u00e9tait autre que le M. Treacher qui avait \u00e9t\u00e9 t\u00e9moin de l&rsquo;accord &#8211; bien qu&rsquo;il ait rapidement d\u00e9missionn\u00e9 du Foreign Office pour prendre la t\u00eate de la North Borneo Charter Company, nouvellement cr\u00e9\u00e9e.\u00a0 Certaines choses ne changent pas.<\/p>\n<p>(Soit dit en passant, un juge fran\u00e7ais a rendu une d\u00e9cision le 6 juin 2023 en faveur de la Malaisie.\u00a0 Apr\u00e8s avoir dit qu&rsquo;il y avait clairement un bail et une clause d&rsquo;arbitrage (d\u00e9cisions d\u00e9sastreuses aux yeux de la Malaisie), il a n\u00e9anmoins d\u00e9cid\u00e9 que lorsque la clause d&rsquo;arbitrage de 1878 d\u00e9signait le Consul g\u00e9n\u00e9ral britannique comme le futur arbitre pour les g\u00e9n\u00e9rations \u00e0 venir, il s&rsquo;agissait en fait de cet individu, M. Treacher, bien que les signataires <strong>ne l&rsquo;aient pas sp\u00e9cifiquement <\/strong>nomm\u00e9.\u00a0 Il s&rsquo;agit l\u00e0 d&rsquo;une \u00e9valuation \u00e9trange de la part du juge, \u00e9tant donn\u00e9 que Treacher lui-m\u00eame n&rsquo;\u00e9tait pas le titulaire permanent du poste consulaire et qu\u2019en effet il dirigera la compagnie dans les trois ans qui suivirent. D\u00e8s ce moment-l\u00e0, il n&rsquo;aurait plus \u00e9t\u00e9 une tierce partie !)<\/p>\n<p><strong>Le bail \u00e0 l&rsquo;\u00e9poque de la North Borneo Charter Company<\/strong><\/p>\n<p>La Compagnie re\u00e7ut sa charte officielle en 1881 ; Dent et Overbeck transf\u00e9r\u00e8rent leurs droits en vertu de l&rsquo;accord \u00e0 la Compagnie, et celle-ci commen\u00e7a \u00e0 effectuer des paiements aux sultans successifs de Sulu.\u00a0 Il y eut quelques hauts et quelques bas, notamment la r\u00e9bellion de Mat Salleh dans les ann\u00e9es 1890, dont il en r\u00e9sulta l&rsquo;incendie de Jesselton, la ville que la Compagnie avait construite (aujourd&rsquo;hui Kota Kinabalu), n\u00e9cessitant le Sultan \u00e0 intervenir afin d\u2019aider \u00e0 la s\u00e9curiser.\u00a0 (Pourquoi aurait-il fait cela s&rsquo;il avait vendu l&rsquo;ensemble du territoire ?)<\/p>\n<p>Mais dans l&rsquo;ensemble, la compagnie se d\u00e9veloppa sans heurts et paya plus ou moins dans les temps rapidement.\u00a0 Le montant est pass\u00e9 \u00e0 5 300 dollars en 1903, avec effet r\u00e9troactif \u00e0 1878, \u00e0 la suite de la reconnaissance mutuelle de l&rsquo;inclusion dans l&rsquo;accord de certaines \u00eeles situ\u00e9es autour de Born\u00e9o Nord. De l\u00e0 montant restera bloqu\u00e9, jusqu&rsquo;en 2013.<\/p>\n<p>Nous pouvons maintenant avancer rapidement \u00e0 travers les d\u00e9cennies.\u00a0 Le Sultan Jamalul Kiram II, qui a acc\u00e9d\u00e9 au pouvoir en 1894, a r\u00e9gn\u00e9 jusqu&rsquo;\u00e0 sa mort, sans enfant, en 1936.<\/p>\n<p>Les \u00c9tats-Unis, qui ont h\u00e9rit\u00e9 des Philippines apr\u00e8s la guerre hispano-am\u00e9ricaine de 1898, n&rsquo;avaient gu\u00e8re de temps \u00e0 consacrer \u00e0 la royaut\u00e9.\u00a0 En 1915, les Am\u00e9ricains ont d\u00e9pouilleront le Sultan de l&rsquo;autorit\u00e9 politique qui lui restait sur la province de Sulu, ne le laissant qu&rsquo;en figure de proue.\u00a0 La Compagnie rapidement demanda si cela signifiait que les \u00c9tats-Unis pr\u00e9tendaient d\u00e9sormais exercer une influence sur les possessions du Sultan \u00e0 Born\u00e9o, d\u00e9sormais administr\u00e9es par la Compagnie ; les \u00c9tats-Unis ont r\u00e9pondu par la n\u00e9gative, et la paix coloniale a perdur\u00e9.<\/p>\n<p><strong>L&rsquo;h\u00e9ritage<\/strong><\/p>\n<p>En 1936, Jamalul d\u00e9c\u00e9da sans enfant.\u00a0 Il laissa un testament dans lequel il d\u00e9signe ses ni\u00e8ces, ses neveux et un fr\u00e8re (pas le p\u00e8re de ces ni\u00e8ces et neveux) comme h\u00e9ritiers de sa succession.\u00a0 La succession de son titre royal aux Philippines \u00e9tait ambigu\u00eb.\u00a0 Mais l&rsquo;h\u00e9ritage de ses terres et de ses biens &#8211; y compris ses droits sur Sabah &#8211; relevait de son testament.\u00a0 Personne ne l&rsquo;a jamais contest\u00e9.\u00a0 Presque imm\u00e9diatement, une personne sans lien de parent\u00e9 \u00e0 Sulu s&rsquo;est d\u00e9clar\u00e9e sultan.<\/p>\n<p>La Compagnie se trouve alors confront\u00e9e \u00e0 un dilemme : jusqu&rsquo;\u00e0 pr\u00e9sent, il n&rsquo;y avait pas eu de controverse sur la question de savoir qui \u00e9tait le propri\u00e9taire l\u00e9gitime du contrat et, par cons\u00e9quent, le b\u00e9n\u00e9ficiaire des 5 300 dollars annuels.\u00a0 Mais \u00e0 pr\u00e9sent, deux factions diff\u00e9rentes le r\u00e9clament : les h\u00e9ritiers du d\u00e9funt sultan et le nouveau sultan autoproclam\u00e9.<\/p>\n<p>Les h\u00e9ritiers ont introduit une r\u00e9clamation aupr\u00e8s de la Compagne afin de faire valoir leurs droits.\u00a0 La Compagnie ne conteste pas qu&rsquo;elle doit des loyers ; elle veut simplement \u00e9tablir qui est l&rsquo;ayant droit au paiement.<\/p>\n<p>La demande a \u00e9t\u00e9 entendue par Charles Macaskie, le gouverneur adjoint de la Compagnie (\u00e9galement juge en chef).\u00a0 Il d\u00e9cida que <a href=\"https:\/\/www.suluarbitration.com\/wp-content\/uploads\/2024\/06\/Key-Document-2-Macaskie-Judgment-1939.pdf\">les h\u00e9ritiers \u00e9taient dans leur droit<\/a> . \u00c9tait donn\u00e9 que le d\u00e9funt Sultan avait \u00e9t\u00e9 d\u00e9pouill\u00e9 de son autorit\u00e9 politique, confirma Macaskie, les paiements de la Compagnie devaient lui avoir \u00e9t\u00e9 vers\u00e9s \u00e0 titre personnel.\u00a0 Par cons\u00e9quent, son droit au paiement devait \u00eatre transmis aux h\u00e9ritiers d\u00e9sign\u00e9s dans son testament, et non \u00e0 celui qui se d\u00e9signait comme le prochain sultan de Sulu.<\/p>\n<p>Ainsi, \u00e0 partir de 1939, les paiements annuels ont \u00e9t\u00e9 vers\u00e9s aux neuf h\u00e9ritiers du sultan Jamalul et \u00e0 leurs descendants, selon les parts qui leur avaient \u00e9t\u00e9 attribu\u00e9es conform\u00e9ment au testament de Jamalul (le fr\u00e8re de Jamalul \u00e9tant d\u00e9c\u00e9d\u00e9 au moment o\u00f9 l&rsquo;affaire a \u00e9t\u00e9 port\u00e9e devant les tribunaux, ses enfants ont rejoint les autres ni\u00e8ces et neveux en tant que b\u00e9n\u00e9ficiaires, partageant entre eux les parts du fr\u00e8re).\u00a0 Nous, les Demandeurs dans l&rsquo;arbitrage, sommes les descendants de ces ni\u00e8ces et neveux \u00e9tablis par le tribunal.\u00a0 Personne d&rsquo;autre ne l&rsquo;est.<\/p>\n<p><strong>Le soleil colonial britannique et l&rsquo;ind\u00e9pendance<\/strong><\/p>\n<p>Le nord de Born\u00e9o a \u00e9t\u00e9 envahi par le Japon pendant la Seconde Guerre mondiale.\u00a0 Apr\u00e8s l&rsquo;occupation, la Charter Company \u00e9tait\u00a0 en faillite. Le gouvernement britannique a pris le relais.\u00a0 Il a notamment pris soin (le Premier ministre britannique Attlee l&rsquo;a autoris\u00e9 personnellement) de reprendre imm\u00e9diatement les paiements annuels aux h\u00e9ritiers.\u00a0 La Malaisie a fait de m\u00eame lorsque le nord de Born\u00e9o &#8211; aujourd&rsquo;hui appel\u00e9 Sabah &#8211; est devenu un \u00c9tat constitutif.\u00a0 \u00c0 un moment donn\u00e9 dans les ann\u00e9es 1960, l&rsquo;obligation annuelle en dollars a \u00e9t\u00e9 unilat\u00e9ralement convertie en dollars malais (ringgit), et les paiements se sont poursuivis, comme indiqu\u00e9 ci-dessus, jusqu&rsquo;en 2013.<\/p>\n<p>Tout cela n&rsquo;aurait sans doute \u00e9t\u00e9 qu&rsquo;une anecdote historique si l&rsquo;\u00e9conomie de Sabah n&rsquo;avait pas connu une grande transformation : le p\u00e9trole.\u00a0 Dans les ann\u00e9es 1970 et 1980, de vastes quantit\u00e9s de p\u00e9trole et de gaz naturel ont \u00e9t\u00e9 d\u00e9couvertes au large des c\u00f4tes du Sabah. Sabah est pass\u00e9 d\u2019une potentielle int\u00e9ressante destination \u00e9cotouristique \u00e0 une dynamo \u00e9conomique pour la Malaisie.<\/p>\n<p>Les h\u00e9ritiers s&rsquo;en sont rendu compte.\u00a0 Il ne leur a pas \u00e9chapp\u00e9 qu&rsquo;ils recevaient 5 300 RM par an (environ 1 150 USD) pour un territoire qui g\u00e9n\u00e9rait des milliards par an pour la Malaisie.\u00a0 Comme le montre le dossier de l&rsquo;arbitrage, les h\u00e9ritiers, nos pr\u00e9d\u00e9cesseurs, ont demand\u00e9 \u00e0 plusieurs reprises dans les ann\u00e9es 1980, 1990 et au-del\u00e0 d&rsquo;augmenter le montant du paiement annuel afin qu&rsquo;il refl\u00e8te plus \u00e9quitablement l&rsquo;accord initial selon lequel le sultan n&rsquo;allait pas \u00eatre l\u00e9s\u00e9 en perdant sa capacit\u00e9 d&rsquo;exploiter le territoire.\u00a0 Ces demandes sont rest\u00e9es sans r\u00e9ponse.<\/p>\n<p>Puis vint l&rsquo;ann\u00e9e 2013.\u00a0 Il est incontestable qu&rsquo;un groupe d&rsquo;hommes bas\u00e9s \u00e0 Sulu, dont certains \u00e9taient arm\u00e9s, est arriv\u00e9 sur les c\u00f4tes de Sabah et a d\u00e9clar\u00e9 qu&rsquo;il y resterait.\u00a0 Le gouvernement malaisien leur a lanc\u00e9 un ultimatum pour qu&rsquo;ils quittent les lieux, ce qu&rsquo;ils ont ignor\u00e9.\u00a0 Des combats ont \u00e9clat\u00e9, faisant plusieurs morts parmi la police malaisienne et des dizaines de Philippins d\u00e9c\u00e9d\u00e9s.<\/p>\n<p>Nous, les h\u00e9ritiers et les Demandeurs dans l&rsquo;arbitrage, n&rsquo;avons rien \u00e0 voir avec ce qui devint connu comme l&rsquo;incursion de Lahad Datu.\u00a0 L&rsquo;ancien procureur g\u00e9n\u00e9ral de Malaisie, Tommy Thomas, l&rsquo;affirme dans ses m\u00e9moires :<\/p>\n<p><em>L&rsquo;explication officieuse souvent donn\u00e9e est que la Malaisie a cess\u00e9 les paiements en raison de l&rsquo;incursion arm\u00e9e de 2013 \u00e0 Lahad Datu, dans le Sabah. Cependant, il semble qu&rsquo;il n&rsquo;existe aucune preuve \u00e9tablissant un lien entre les demandeurs de Sulu qui recevaient l&rsquo;indemnisation annuelle de la Malaisie et les envahisseurs arm\u00e9s de Lahad Datu. Si le gouvernement malaisien disposait de telles preuves, il aurait \u00e9t\u00e9 prudent d&rsquo;intenter une action devant la Haute Cour de Sabah \u00e0 Kota Kinabalu contre les requ\u00e9rants sulu (qui \u00e9taient tous connus de notre ambassade aux Philippines o\u00f9 le paiement annuel leur \u00e9tait vers\u00e9), en demandant au tribunal de Sabah d&rsquo;ordonner que, parce que les requ\u00e9rants sulu \u00e9taient personnellement et directement impliqu\u00e9s dans l&rsquo;invasion de Lahad Datu, ils avaient perdu leur droit de recevoir des paiements futurs et que la concession de 1878 avait cess\u00e9 d&rsquo;\u00eatre appliqu\u00e9e. Si tel avait \u00e9t\u00e9 le cas, l&rsquo;action du gouvernement visant \u00e0 cesser les paiements aurait re\u00e7u l&rsquo;imprimatur judiciaire. Malheureusement, cette option n&rsquo;a pas \u00e9t\u00e9 exerc\u00e9e par les responsables en 2013.<\/em><\/p>\n<p>N\u00e9anmoins, comme le note Thomas, les paiements cess\u00e8rent.\u00a0 Et l&rsquo;action en justice commen\u00e7a.<\/p>\n<\/div><\/div><\/div><\/div><\/div>\n","protected":false},"excerpt":{"rendered":"","protected":false},"author":1,"featured_media":0,"parent":0,"menu_order":0,"comment_status":"closed","ping_status":"closed","template":"100-width.php","meta":{"footnotes":""},"class_list":["post-686","page","type-page","status-publish","hentry"],"_links":{"self":[{"href":"https:\/\/www.suluarbitration.com\/fr\/wp-json\/wp\/v2\/pages\/686","targetHints":{"allow":["GET"]}}],"collection":[{"href":"https:\/\/www.suluarbitration.com\/fr\/wp-json\/wp\/v2\/pages"}],"about":[{"href":"https:\/\/www.suluarbitration.com\/fr\/wp-json\/wp\/v2\/types\/page"}],"author":[{"embeddable":true,"href":"https:\/\/www.suluarbitration.com\/fr\/wp-json\/wp\/v2\/users\/1"}],"replies":[{"embeddable":true,"href":"https:\/\/www.suluarbitration.com\/fr\/wp-json\/wp\/v2\/comments?post=686"}],"version-history":[{"count":1,"href":"https:\/\/www.suluarbitration.com\/fr\/wp-json\/wp\/v2\/pages\/686\/revisions"}],"predecessor-version":[{"id":687,"href":"https:\/\/www.suluarbitration.com\/fr\/wp-json\/wp\/v2\/pages\/686\/revisions\/687"}],"wp:attachment":[{"href":"https:\/\/www.suluarbitration.com\/fr\/wp-json\/wp\/v2\/media?parent=686"}],"curies":[{"name":"wp","href":"https:\/\/api.w.org\/{rel}","templated":true}]}}