{"id":688,"date":"2024-06-29T15:27:38","date_gmt":"2024-06-29T15:27:38","guid":{"rendered":"https:\/\/www.suluarbitration.com\/?page_id=688"},"modified":"2024-07-15T15:30:46","modified_gmt":"2024-07-15T15:30:46","slug":"comment-cela-est-il-devenu-une-crise-juridique","status":"publish","type":"page","link":"https:\/\/www.suluarbitration.com\/fr\/lhistoire\/comment-cela-est-il-devenu-une-crise-juridique\/","title":{"rendered":"Comment cela est-il devenu une crise juridique"},"content":{"rendered":"<div class=\"fusion-fullwidth fullwidth-box fusion-builder-row-1 fusion-flex-container has-pattern-background has-mask-background nonhundred-percent-fullwidth non-hundred-percent-height-scrolling\" style=\"--awb-border-radius-top-left:0px;--awb-border-radius-top-right:0px;--awb-border-radius-bottom-right:0px;--awb-border-radius-bottom-left:0px;--awb-padding-top:4%;--awb-padding-right:4%;--awb-padding-bottom:4%;--awb-padding-left:4%;--awb-flex-wrap:wrap;\" ><div class=\"fusion-builder-row fusion-row fusion-flex-align-items-flex-start fusion-flex-content-wrap\" style=\"max-width:1248px;margin-left: calc(-4% \/ 2 );margin-right: calc(-4% \/ 2 );\"><div class=\"fusion-layout-column fusion_builder_column fusion-builder-column-0 fusion_builder_column_1_1 1_1 fusion-flex-column\" style=\"--awb-bg-blend:overlay;--awb-bg-size:cover;--awb-width-large:100%;--awb-margin-top-large:0px;--awb-spacing-right-large:1.92%;--awb-margin-bottom-large:0px;--awb-spacing-left-large:1.92%;--awb-width-medium:100%;--awb-spacing-right-medium:1.92%;--awb-spacing-left-medium:1.92%;--awb-width-small:100%;--awb-spacing-right-small:1.92%;--awb-spacing-left-small:1.92%;\"><div class=\"fusion-column-wrapper fusion-flex-justify-content-flex-start fusion-content-layout-column\"><div class=\"fusion-section-separator section-separator hills-opacity fusion-section-separator-1\" style=\"--awb-spacer-padding-top:inherit;--awb-svg-margin-left:1.92%;--awb-svg-margin-right:1.92%;--awb-svg-margin-left-medium:1.92%;--awb-svg-margin-right-medium:1.92%;--awb-svg-margin-left-small:1.92%;--awb-svg-margin-right-small:1.92%;--awb-divider-height:100px;--awb-spacer-height:100px;--awb-sep-font-size:0;--awb-sep-line-height:0;\"><div class=\"fusion-section-separator-svg\"><svg class=\"fusion-hills-opacity-candy\" xmlns=\"http:\/\/www.w3.org\/2000\/svg\" version=\"1.1\" width=\"100%\" viewBox=\"0 -0.5 1024 182\" preserveAspectRatio=\"none\" fill=\"rgba(133,151,153,1)\"><path class=\"st0\" d=\"M0 182.086h1024V41.593c-28.058-21.504-60.109-37.581-97.075-37.581-112.845 0-198.144 93.798-289.792 93.798S437.658 6.777 351.846 6.777s-142.234 82.125-238.49 82.125c-63.078 0-75.776-31.744-113.357-53.658L0 182.086z\"\/>\n\t\t\t\t\t\t\t\t\t<path class=\"st1\" d=\"M1024 181.062v-75.878c-39.731 15.872-80.794 27.341-117.658 25.805-110.387-4.506-191.795-109.773-325.53-116.224-109.158-5.12-344.166 120.115-429.466 166.298H1024v-.001z\"\/>\n\t\t\t\t\t\t\t\t\t<path class=\"st2\" d=\"M0 182.086h1024V90.028C966.451 59.103 907.059 16.3 824.115 15.071 690.278 13.023 665.19 102.93 482.099 102.93S202.138-1.62 74.24.019C46.49.326 21.811 4.217 0 9.849v172.237z\"\/>\n\t\t\t\t\t\t\t\t\t<path class=\"st3\" d=\"M0 182.086h1024V80.505c-37.171 19.558-80.691 35.328-139.571 36.25-151.142 2.355-141.619-28.57-298.496-29.184s-138.854 47.002-305.459 43.725C132.813 128.428 91.238 44.563 0 28.179v153.907z\"\/>\n\t\t\t\t\t\t\t\t\t<path class=\"st4\" d=\"M0 182.086h1024v-77.312c-49.05 20.07-120.525 42.394-193.229 42.086-128.922-.512-159.846-72.294-255.795-72.294-89.088 0-134.656 80.179-245.043 82.022S169.063 99.346 49.971 97.401C32.768 97.094 16.077 99.244 0 103.135v78.951z\"\/>\n\t\t\t\t\t\t\t\t<\/svg><\/div><div class=\"fusion-section-separator-spacer\"><div class=\"fusion-section-separator-spacer-height\"><\/div><\/div><\/div><div class=\"fusion-title title fusion-title-1 fusion-sep-none fusion-title-text fusion-title-size-three\" style=\"--awb-margin-top:2%;\"><h3 class=\"fusion-title-heading title-heading-left\" style=\"margin:0;\"><strong>Comment cette crise est-elle devenue une crise juridique ?\u00a0 Un r\u00e9cit de 2013 \u00e0 2021<\/strong><\/h3><\/div><div class=\"fusion-text fusion-text-1\"><p>Il aurait pu s&rsquo;agir d&rsquo;une communication confidentielle entre avocats de parties oppos\u00e9es, sauf que Thomas mis en copie Stampa de la correspondance.\u00a0 Quoi qu&rsquo;il en soit, nous avons rejet\u00e9 l&rsquo;offre, \u00e9tant donn\u00e9 que 10 % en plus des 5 300 RM ne correspondaient en rien \u00e0 ce que nous en attendions.<\/p>\n<p>Thomas \u00e9crivit une seconde fois \u00e0 Stampa, faisant \u00e9tat de son objection \u00e0 la comp\u00e9tence des tribunaux espagnols et de Stampa lui-m\u00eame.\u00a0 Mais il n&rsquo;a pas pr\u00e9tendu que la Malaisie avait \u00e9t\u00e9 en quoi que ce soit l\u00e9s\u00e9e ou contrainte par la <strong>fa\u00e7on <\/strong>dont lui et son gouvernement avaient re\u00e7u les documents du minist\u00e8re espagnol des affaires \u00e9trang\u00e8res quelques mois auparavant. Il aurait \u00e9t\u00e9 difficile d&rsquo;imaginer comment il aurait pu le faire.<\/p>\n<p>Stampa convoqua une audience de proc\u00e9dure le 25 octobre 2019.\u00a0 La Malaisie ne s&rsquo;est pas pr\u00e9sent\u00e9e.\u00a0 Au cours de l&rsquo;audience, Stampa \u201cbifurquera\u00a0\u00bb la demande et \u00e9tabli un calendrier de briefing et d&rsquo;audience.<\/p>\n<p>(La bifurcation est un dospositif fr\u00e9quent dans les arbitrages internationaux, par lequel un tribunal d\u00e9termine d&rsquo;abord <em>s&rsquo;il est <\/em>comp\u00e9tent pour entendre une affaire, et ne poursuit que <em>si et quand <\/em>il prouve qu&rsquo;il l&rsquo;est.\u00a0 En l&rsquo;affaire, Stampa allait examiner le libell\u00e9 de l&rsquo;accord de 1878 afin de d\u00e9terminer s&rsquo;il contenait une clause d&rsquo;arbitrage et, si dans l&rsquo;affirmative, s&rsquo;il pouvait se substituer au consul g\u00e9n\u00e9ral.\u00a0 En d&rsquo;autres termes, Stampa appliquer ce qui lui avait \u00e9t\u00e9 demand\u00e9 par le tribunal.<\/p>\n<p>Quelques heures \u00e0 peine apr\u00e8s l&rsquo;audience de proc\u00e9dure du 25 octobre, un cabinet d&rsquo;avocats est entr\u00e9 en sc\u00e8ne au nom de la Malaisie.\u00a0 Les avocats madril\u00e8nes du grand cabinet londonien Herbert Smith Freehills contact\u00e8rent ont contact\u00e9 Stampa en indiquant qu&rsquo;ils repr\u00e9sentaient la Malaisie et qu&rsquo;ils souhaitaient \u00eatre entendus sur la question de la comp\u00e9tence de juridiction. Stampa adapta le calendrier de la proc\u00e9dure afin de les aider et invita les avocats \u00e0 participer d\u00e8s lors qu&rsquo;ils auraient re\u00e7u une procuration du procureur g\u00e9n\u00e9ral de la Malaisie.<\/p>\n<p>Aucune procuration ne fut d\u00e9livr\u00e9e. Dans <a href=\"https:\/\/www.suluarbitration.com\/wp-content\/uploads\/2024\/06\/Key-Document-7-TT-Memoir.pdf\" target=\"_blank\" rel=\"noopener noreferrer\">ses m\u00e9moires<\/a>, Tommy Thomas parle d&rsquo;un cabinet d&rsquo;avocats international qui voulait repr\u00e9senter la Malaisie, mais qu&rsquo;il trouva beaucoup trop cher. Herbert Smith Freehills se retira de l&rsquo;affaire, pour le moment. La Malaisie n&rsquo;a plus particip\u00e9 directement \u00e0 l&rsquo;arbitrage par la suite.<\/p>\n<p>Cela ne veut pas dire que la Malaisie est rest\u00e9e inactive.\u00a0 Elle a plut\u00f4t cherch\u00e9 \u00e0 saboter l&rsquo;arbitrage.\u00a0 D\u00e9but d\u00e9cembre 2019, Stampa s&rsquo;est vu signifier \u00e0 son bureau des documents par des avocats d&rsquo;Uria Menendez, un cabinet espagnol de premier plan, sur lequel nous reviendrons plus en d\u00e9tail ci-dessous.<\/p>\n<p>Les avocats d&rsquo;Uria Menendez remettaient \u00e0 Stampa une assignation \u00e0 compara\u00eetre devant le tribunal de Kota Kinabalu dans un d\u00e9lai d\u2019une semaine pour se d\u00e9fendre contre une action en injonction anti-arbitrage intent\u00e9e devant ce tribunal par le gouvernement malaisien.<\/p>\n<p>Une injonction anti-arbitrage est \u00e0 peu pr\u00e8s ce qu&rsquo;elle semble \u00eatre : il s&rsquo;agit d&rsquo;une d\u00e9cision de justice ordonnant \u00e0 un arbitre et\/ou aux parties de cesser de mener une proc\u00e9dure d&rsquo;arbitrage.\u00a0 Mais comme vous pouvez l&rsquo;imaginer, ce qu&rsquo;un tribunal malaisien dit \u00e0 un arbitre bas\u00e9 en Espagne de ne pas faire ne p\u00e8sera probablement pas lourd sur la conscience de ce dernier &#8211; surtout si cela contredit les actions d&rsquo;un tribunal espagnol qui a nomm\u00e9 l&rsquo;arbitre en premier lieu.<\/p>\n<p>Le tribunal malaisien a finalement \u00e9mis une injonction anti-arbitrage, que Stampa (conform\u00e9ment aux doctrines du droit international) a ignor\u00e9e.\u00a0 Notamment, l&rsquo;un des arguments avanc\u00e9s par la Malaisie dans les documents d\u00e9pos\u00e9s dans le cadre du proc\u00e8s en injonction \u00e0 Sabah, gr\u00e2ce \u00e0 un rapport sur le droit espagnol r\u00e9dig\u00e9 par Uria Menendez, \u00e9tait que le minist\u00e8re espagnol des affaires \u00e9trang\u00e8res n&rsquo;avait pas correctement signifi\u00e9 l&rsquo;injonction \u00e0 la Malaisie.\u00a0 Selon Uria, la m\u00e9thode de signification appropri\u00e9e n&rsquo;\u00e9tait pas l&rsquo;ambassade de Malaisie \u00e0 Madrid, mais plut\u00f4t l&rsquo;ambassade d&rsquo;Espagne \u00e0 Kuala Lumpur et, de l\u00e0, le minist\u00e8re des affaires \u00e9trang\u00e8res malaisien.\u00a0 Gardez cela \u00e0 l&rsquo;esprit au fur et \u00e0 mesure que nous avan\u00e7ons et retenez la date : d\u00e9cembre 2019.<\/p>\n<p>Stampa a rendu sa sentence arbitral pr\u00e9liminaire le 25 mai 2020. Il a estim\u00e9 qu&rsquo;il <em>existait <\/em>une clause d&rsquo;arbitrage valide dans l&rsquo;accord de 1878 et qu&rsquo;il \u00e9tait habilit\u00e9 \u00e0 remplacer le poste de consul g\u00e9n\u00e9ral, qui n&rsquo;existe plus. M. Stampa a \u00e9galement estim\u00e9 qu&rsquo;il devait appliquer les principes d&rsquo;Unidroit en tant que loi applicable, en l&rsquo;absence de loi sp\u00e9cifique dans l&rsquo;accord.\u00a0 Comme indiqu\u00e9 pr\u00e9c\u00e9demment, les principes d&rsquo;Unidroit constituent une synth\u00e8se moderne des doctrines nationales et transnationales en mati\u00e8re de contrats, refl\u00e9tant les principes g\u00e9n\u00e9raux du droit international des contrats.<\/p>\n<p>L&rsquo;arbitrage est donc pass\u00e9 \u00e0 la phase du \u00ab\u00a0fond\u00a0\u00bb.\u00a0 Nos avocats ont d\u00e9pos\u00e9 une longue requ\u00eate en juin 2020, demandant jusqu&rsquo;\u00e0 32 milliards de dollars de dommages et int\u00e9r\u00eats.\u00a0 Leur argumentation, en r\u00e9sum\u00e9, \u00e9tait que la Malaisie avait tellement profit\u00e9 de l&rsquo;accord qu&rsquo;il \u00e9tait l\u00e9galement n\u00e9cessaire et appropri\u00e9 de \u00ab\u00a0r\u00e9\u00e9quilibrer\u00a0\u00bb le contrat pour refl\u00e9ter plus pr\u00e9cis\u00e9ment l&rsquo;\u00e9tat actuel des choses.\u00a0 Les principes d&rsquo;Unidroit et la doctrine du changement de circonstances en droit espagnol, appel\u00e9e <em>rebus sic stantibus, ont <\/em>illustr\u00e9 et \u00e9tay\u00e9 cette conclusion.<\/p>\n<p>A son d&rsquo;habitude, la Malaisie invit\u00e9e \u00e0 soumettre une d\u00e9claration de d\u00e9fense, refusa de r\u00e9pondre aux demandes r\u00e9p\u00e9t\u00e9es de Stampa.\u00a0 La seule chose que la Malaisie fit pendant cette p\u00e9riode a \u00e9t\u00e9 de d\u00e9poser une requ\u00eate en annulation de la sentence arbitrale pr\u00e9liminaire de Stampa aupr\u00e8s du TSJM, en octobre 2020.\u00a0 Uria Menendez repr\u00e9sentait la Malaisie.<\/p>\n<p>Stampa demanda une audience sur le fond en f\u00e9vrier 2021.\u00a0 L&rsquo;audience se d\u00e9roula \u00e0 distance, en raison de la pand\u00e9mie en cours.\u00a0 La Malaisie a de nouveau \u00e9t\u00e9 invit\u00e9e, mais ne s&rsquo;est pas jointe \u00e0 l&rsquo;audience.\u00a0 Stampa a officiellement cl\u00f4tur\u00e9 la proc\u00e9dure le 5 mars 2021 et s&rsquo;est engag\u00e9 \u00e0 rendre la sentence arbitrale finale pour le 2 septembre 2021.<\/p>\n<\/div><\/div><\/div><\/div><\/div>\n","protected":false},"excerpt":{"rendered":"","protected":false},"author":1,"featured_media":0,"parent":686,"menu_order":0,"comment_status":"closed","ping_status":"closed","template":"100-width.php","meta":{"footnotes":""},"class_list":["post-688","page","type-page","status-publish","hentry"],"_links":{"self":[{"href":"https:\/\/www.suluarbitration.com\/fr\/wp-json\/wp\/v2\/pages\/688","targetHints":{"allow":["GET"]}}],"collection":[{"href":"https:\/\/www.suluarbitration.com\/fr\/wp-json\/wp\/v2\/pages"}],"about":[{"href":"https:\/\/www.suluarbitration.com\/fr\/wp-json\/wp\/v2\/types\/page"}],"author":[{"embeddable":true,"href":"https:\/\/www.suluarbitration.com\/fr\/wp-json\/wp\/v2\/users\/1"}],"replies":[{"embeddable":true,"href":"https:\/\/www.suluarbitration.com\/fr\/wp-json\/wp\/v2\/comments?post=688"}],"version-history":[{"count":2,"href":"https:\/\/www.suluarbitration.com\/fr\/wp-json\/wp\/v2\/pages\/688\/revisions"}],"predecessor-version":[{"id":690,"href":"https:\/\/www.suluarbitration.com\/fr\/wp-json\/wp\/v2\/pages\/688\/revisions\/690"}],"up":[{"embeddable":true,"href":"https:\/\/www.suluarbitration.com\/fr\/wp-json\/wp\/v2\/pages\/686"}],"wp:attachment":[{"href":"https:\/\/www.suluarbitration.com\/fr\/wp-json\/wp\/v2\/media?parent=688"}],"curies":[{"name":"wp","href":"https:\/\/api.w.org\/{rel}","templated":true}]}}