{"id":693,"date":"2024-06-29T15:43:39","date_gmt":"2024-06-29T15:43:39","guid":{"rendered":"https:\/\/www.suluarbitration.com\/lhistoire\/sacrificing-spains-legal-reputation\/"},"modified":"2024-07-15T16:20:22","modified_gmt":"2024-07-15T16:20:22","slug":"sacrifier-la-reputation-juridique-d-lespagne","status":"publish","type":"page","link":"https:\/\/www.suluarbitration.com\/fr\/lhistoire\/sacrifier-la-reputation-juridique-d-lespagne\/","title":{"rendered":"Sacrifier la r\u00e9putation juridique de l\u2019Espagne"},"content":{"rendered":"<div class=\"fusion-fullwidth fullwidth-box fusion-builder-row-1 fusion-flex-container has-pattern-background has-mask-background nonhundred-percent-fullwidth non-hundred-percent-height-scrolling\" style=\"--awb-border-radius-top-left:0px;--awb-border-radius-top-right:0px;--awb-border-radius-bottom-right:0px;--awb-border-radius-bottom-left:0px;--awb-padding-top:4%;--awb-padding-right:4%;--awb-padding-bottom:4%;--awb-padding-left:4%;--awb-flex-wrap:wrap;\" ><div class=\"fusion-builder-row fusion-row fusion-flex-align-items-flex-start fusion-flex-content-wrap\" style=\"max-width:1248px;margin-left: calc(-4% \/ 2 );margin-right: calc(-4% \/ 2 );\"><div class=\"fusion-layout-column fusion_builder_column fusion-builder-column-0 fusion_builder_column_1_1 1_1 fusion-flex-column\" style=\"--awb-bg-blend:overlay;--awb-bg-size:cover;--awb-width-large:100%;--awb-margin-top-large:0px;--awb-spacing-right-large:1.92%;--awb-margin-bottom-large:0px;--awb-spacing-left-large:1.92%;--awb-width-medium:100%;--awb-spacing-right-medium:1.92%;--awb-spacing-left-medium:1.92%;--awb-width-small:100%;--awb-spacing-right-small:1.92%;--awb-spacing-left-small:1.92%;\"><div class=\"fusion-column-wrapper fusion-flex-justify-content-flex-start fusion-content-layout-column\"><div class=\"fusion-section-separator section-separator hills-opacity fusion-section-separator-1\" style=\"--awb-spacer-padding-top:inherit;--awb-svg-margin-left:1.92%;--awb-svg-margin-right:1.92%;--awb-svg-margin-left-medium:1.92%;--awb-svg-margin-right-medium:1.92%;--awb-svg-margin-left-small:1.92%;--awb-svg-margin-right-small:1.92%;--awb-divider-height:100px;--awb-spacer-height:100px;--awb-sep-font-size:0;--awb-sep-line-height:0;\"><div class=\"fusion-section-separator-svg\"><svg class=\"fusion-hills-opacity-candy\" xmlns=\"http:\/\/www.w3.org\/2000\/svg\" version=\"1.1\" width=\"100%\" viewBox=\"0 -0.5 1024 182\" preserveAspectRatio=\"none\" fill=\"rgba(133,151,153,1)\"><path class=\"st0\" d=\"M0 182.086h1024V41.593c-28.058-21.504-60.109-37.581-97.075-37.581-112.845 0-198.144 93.798-289.792 93.798S437.658 6.777 351.846 6.777s-142.234 82.125-238.49 82.125c-63.078 0-75.776-31.744-113.357-53.658L0 182.086z\"\/>\n\t\t\t\t\t\t\t\t\t<path class=\"st1\" d=\"M1024 181.062v-75.878c-39.731 15.872-80.794 27.341-117.658 25.805-110.387-4.506-191.795-109.773-325.53-116.224-109.158-5.12-344.166 120.115-429.466 166.298H1024v-.001z\"\/>\n\t\t\t\t\t\t\t\t\t<path class=\"st2\" d=\"M0 182.086h1024V90.028C966.451 59.103 907.059 16.3 824.115 15.071 690.278 13.023 665.19 102.93 482.099 102.93S202.138-1.62 74.24.019C46.49.326 21.811 4.217 0 9.849v172.237z\"\/>\n\t\t\t\t\t\t\t\t\t<path class=\"st3\" d=\"M0 182.086h1024V80.505c-37.171 19.558-80.691 35.328-139.571 36.25-151.142 2.355-141.619-28.57-298.496-29.184s-138.854 47.002-305.459 43.725C132.813 128.428 91.238 44.563 0 28.179v153.907z\"\/>\n\t\t\t\t\t\t\t\t\t<path class=\"st4\" d=\"M0 182.086h1024v-77.312c-49.05 20.07-120.525 42.394-193.229 42.086-128.922-.512-159.846-72.294-255.795-72.294-89.088 0-134.656 80.179-245.043 82.022S169.063 99.346 49.971 97.401C32.768 97.094 16.077 99.244 0 103.135v78.951z\"\/>\n\t\t\t\t\t\t\t\t<\/svg><\/div><div class=\"fusion-section-separator-spacer\"><div class=\"fusion-section-separator-spacer-height\"><\/div><\/div><\/div><div class=\"fusion-title title fusion-title-1 fusion-sep-none fusion-title-text fusion-title-size-three\" style=\"--awb-margin-top:2%;\"><h3 class=\"fusion-title-heading title-heading-left\" style=\"margin:0;\"><strong>Sacrifier la r\u00e9putation juridique de l\u2019Espagne <\/strong><\/h3><\/div><div class=\"fusion-text fusion-text-1\"><p>Maintenant La Malaisie devait encore d\u00e9ployer cette d\u00e9cision absurde afin de faire cesser l&rsquo;arbitrage ou le discr\u00e9diter.\u00a0 Le tribunal a rendu un jugement peu convaincant selon lequel le processus de s\u00e9lection mis en place deux ans auparavant \u00e9tait annul\u00e9.\u00a0 Les juges n&rsquo;ont cependant PAS dit \u00e0 l&rsquo;arbitre, le Dr Stampa, qu&rsquo;il devait s&rsquo;arr\u00eater.\u00a0 Il avait d\u00e9j\u00e0 fait tout le travail.<\/p>\n<p>Et surtout, Stampa ne travaillait pas pour les juges et n&rsquo;\u00e9tait m\u00eame pas partie au proc\u00e8s qui a abouti \u00e0 cette histoire ridicule.\u00a0 Les juges ne lui ont donc pas dit de faire quoi que ce soit.<\/p>\n<p>Les Malaisiens auraient donc pu &#8211; et d\u00fb &#8211; saisir la justice en vertu de la loi espagnole sur l&rsquo;arbitrage, en d\u00e9clarant que \u00ab\u00a0la s\u00e9lection \u00e0 partir d&rsquo;un chapeau ayant \u00e9t\u00e9 communiqu\u00e9e au gouvernement malaisien par l&rsquo;interm\u00e9diaire de la mauvaise ambassade, nous devons maintenant dire que l&rsquo;arbitre n&rsquo;existe pas\u00a0\u00bb.\u00a0 Ils auraient pu poursuivre Stampa en justice, ils auraient pu nous poursuivre en justice, mais cela aurait expos\u00e9 cette mascarade \u00e0 l&rsquo;examen minutieux qu&rsquo;ils ont invit\u00e9 jusque l\u00e0.\u00a0 Et ils auraient perdu, lourdement.<\/p>\n<p>Ils ont donc demand\u00e9 au greffier (un Letrado ou Letrada) d&rsquo;\u00e9crire sur du papier \u00e0 en-t\u00eate directement \u00e0 Stampa, en lui demandant de cesser le travail.\u00a0 Il s&rsquo;agissait l\u00e0 d&rsquo;une pi\u00e8tre incomp\u00e9tente (fausse) pi\u00e8ce l\u00e9gale.\u00a0 Pour \u00eatre clair, ils n&rsquo;ont pas class\u00e9 la demande de mani\u00e8re \u00e0 ce que quiconque ne puisse la voir, mais plus tard il a admis \u00e0 un juge d&rsquo;instruction ce qu&rsquo;il avait fait et qui lui avait demand\u00e9 de le faire.\u00a0\u00a0 Heureusement pour lui, le juge d&rsquo;instruction (qui essayait de monter un dossier contre Stampa) apparemment d\u00e9cida que cela n&rsquo;avait pas d&rsquo;importance.<\/p>\n<p>Entre-temps, Stampa convoqua une audience d&rsquo;urgence, \u00e0 laquelle la Malaisie a de nouveau refus\u00e9 d&rsquo;assister.\u00a0 Nos avocats ont insist\u00e9 pour que Stampa continue, mais il refusa, d\u00e9clarant que la situation en Espagne, bien que sans pr\u00e9c\u00e9dent, l&rsquo;obligeait \u00e0 suspendre la proc\u00e9dure jusqu&rsquo;\u00e0 ce que les parties puissent clarifier davantage les implications de la d\u00e9cision de vacatur du tribunal de grande instance de Madrid (TSJM).<\/p>\n<h4>Transfert vers la France<\/h4>\n<p>En juillet 2021, l&rsquo;arbitrage a \u00e9t\u00e9 suspendu.\u00a0 Stampa avait probablement d\u00e9j\u00e0 r\u00e9dig\u00e9 une grande partie de la sentence finale, puisqu&rsquo;il devait la rendre au d\u00e9but du mois de septembre.\u00a0 Mais apr\u00e8s avoir suspendu la proc\u00e9dure, la sentence pourrait ne jamais \u00eatre rendue, ce qui \u00e9tait exactement le r\u00e9sultat recherch\u00e9 par la Malaisie.<\/p>\n<p>Au cours de cette p\u00e9riode, un membre de notre \u00e9quipe d&rsquo;avocats pensa une solution de contournement astucieuse : et si Stampa d\u00e9pla\u00e7ait le lieu de l&rsquo;arbitrage hors d&rsquo;Espagne ?\u00a0 Rappelons que la plupart des contrats modernes pr\u00e9cisent le lieu de l&rsquo;arbitrage ; ce lieu (appel\u00e9 \u00ab\u00a0si\u00e8ge\u00a0\u00bb dans le langage de l&rsquo;arbitrage) d\u00e9termine les tribunaux qui peuvent superviser et se prononcer sur l&rsquo;int\u00e9grit\u00e9 d&rsquo;une proc\u00e9dure d&rsquo;arbitrage.\u00a0 L&rsquo;accord de 1878 ne contenait aucune information sur le si\u00e8ge.\u00a0 Stampa avait opt\u00e9 pour Madrid, puisque c&rsquo;est l\u00e0 qu&rsquo;il \u00e9tait bas\u00e9, mais il aurait pu \u00e9lire un autre lieu d&rsquo;arbitrage.<\/p>\n<p>(Il existe des pr\u00e9c\u00e9dents dans des arbitrages difficiles pour d\u00e9placer un si\u00e8ge d&rsquo;un endroit \u00e0 un autre &#8211; m\u00eame lorsque les parties avaient pr\u00e9c\u00e9demment convenu, dans leur contrat ou autrement, de le fixer \u00e0 un endroit particulier.\u00a0 L&rsquo;affaire la plus c\u00e9l\u00e8bre concerne une plainte d\u00e9pos\u00e9e \u00e0 Jakarta, o\u00f9 le gouvernement indon\u00e9sien est intervenu pour emp\u00eacher l&rsquo;un des arbitres de se rendre \u00e0 une audience.\u00a0 Les deux autres arbitres ont d\u00e9plac\u00e9 de leur propre chef le si\u00e8ge de Jakarta \u00e0 La Haye ou ils y ont rendu la sentence).<\/p>\n<p>Mais nos avocats ont d\u00fb persuader Stampa qu&rsquo;il y avait un si\u00e8ge viable ailleurs.\u00a0 Ils se sont tourn\u00e9s vers la France.\u00a0 Afin de convaincre M. Stampa qu&rsquo;il s&rsquo;agissait d&rsquo;une suggestion s\u00e9rieuse, ils prirent sa d\u00e9cision de choix de si\u00e8ge sur la comp\u00e9tence jurisdctions et l&rsquo;ont import\u00e9e en France par le biais d&rsquo;une proc\u00e9dure de reconnaissance des d\u00e9cisions \u00e9trang\u00e8res appel\u00e9e <em>exequatur<\/em>.<\/p>\n<p>La demande d&rsquo;<em>exequatur <\/em>a abouti en septembre 2021.\u00a0 Nos avocats ont alors \u00e9crit \u00e0 Stampa en octobre 2021 &#8211; en mettant en copie le procureur g\u00e9n\u00e9ral de Malaisie et en informant ainsi la Malaisie de l&rsquo;<em>exequatur<\/em>.\u00a0\u00a0 Nos avocats ont demand\u00e9 \u00e0 Stampa de transf\u00e9rer le si\u00e8ge de l&rsquo;arbitrage en France, permettant ainsi de continuer sans l&rsquo;ambigu\u00eft\u00e9 de la proc\u00e9dure extraordinaire de vacatur de la cour espagnole pesant sur sa t\u00eate.\u00a0 Stampa, comme d&rsquo;habitude, a invit\u00e9 la Malaisie \u00e0 faire des commentaires et, comme d&rsquo;habitude, n&rsquo;en a re\u00e7u aucun.<\/p>\n<p>Stampa a d\u00fbment d\u00e9plac\u00e9 le si\u00e8ge \u00e0 la fin du mois d&rsquo;octobre 2021, bien qu&rsquo;il n&rsquo;ait pas physiquement d\u00e9m\u00e9nag\u00e9 en France (le si\u00e8ge est une fiction juridique qui ne n\u00e9cessite pas d&rsquo;analogue physique). Stampa a cit\u00e9 \u201cl&rsquo;ing\u00e9rence sans pr\u00e9c\u00e9dent\u00a0\u00bb des tribunaux espagnols dans une proc\u00e9dure en cours, dont il a sugg\u00e9r\u00e9 (\u00e0 juste titre, pour autant que nous puissions en juger \u00e0 la lecture d&rsquo;une traduction en anglais) qu&rsquo;elle \u00e9tait en violation de la loi espagnole sur l&rsquo;arbitrage.<\/p>\n<p>Ces dispositions n&rsquo;autorisent un tribunal qu&rsquo;\u00e0 nommer un arbitre, \u00e0 l&rsquo;assister dans l&rsquo;administration de preuve ou \u00e0 confirmer, refuser de confirmer ou annuler une sentence.\u00a0 L&rsquo;annulation de la proc\u00e9dure de nomination d&rsquo;un arbitre ne figurait absolument pas sur la liste. Vous trouverez la traduction anglaise de <a href=\"https:\/\/arbitrationlaw.com\/sites\/default\/files\/free_pdfs\/Spain%20Arbitration%20Act.pdf\" target=\"_blank\" rel=\"noopener\">la loi espagnole sur l&rsquo;arbitrage \u00e0 l&rsquo;adresse suivante<\/a>. Les articles concern\u00e9s sont les articles 6 et 7.<\/p>\n<p>Stampa s&rsquo;est engag\u00e9 \u00e0 rendre sa sentence arbitrale finale au plus tard le 2 mars 2022.<\/p>\n<h4>Une affaire devenant personnelle<\/h4>\n<p>Bien \u00e9videmment, ce n&rsquo;\u00e9tait pas la fin du harc\u00e8lement de Stampa aux mains de copains agissant pour le compte de la Malaisie.\u00a0 En fait, ses ennuis ne faisaient que commencer.\u00a0 Vers la fin de l&rsquo;ann\u00e9e 2021, Stampa re\u00e7u des lettres d&rsquo;un avocat du cabinet fran\u00e7ais Bredin Prat.\u00a0 L&rsquo;avocat dit \u00e0 Stampa que, s&rsquo;il ne cessait pas imm\u00e9diatement de travailler sur l&rsquo;arbitrage, il ferait l&rsquo;objet de poursuites p\u00e9nales.\u00a0 Stampa l&rsquo;ignora mais signala le contact \u00e0 la Malaisie et \u00e0 nous-m\u00eames.<\/p>\n<p>En d\u00e9cembre 2021, l&rsquo;ambassadeur de Malaisie en Espagne a d\u00e9pos\u00e9 une plainte p\u00e9nale aupr\u00e8s du procureur espagnol.\u00a0 La plainte accuse Stampa de l&rsquo;\u00e9quivalent espagnol de l&rsquo;outrage au tribunal, ainsi que d&rsquo;assumer une fonction \u00e0 laquelle il n&rsquo;a pas droit &#8211; la \u00ab\u00a0fonction\u00a0\u00bb \u00e9tant son r\u00f4le d&rsquo;arbitre.<\/p>\n<p>Il n&rsquo;a pas d\u00e9sob\u00e9i \u00e0 un \u00ab\u00a0tribunal\u00a0\u00bb, mais a ignor\u00e9 un fonctionnaire du tribunal qui lui a dit qu&rsquo;il agissait pour l&rsquo;autre partie !<\/p>\n<p>Stampa d\u00e9livra \u00e0 <a href=\"https:\/\/www.suluarbitration.com\/wp-content\/uploads\/2024\/06\/Key-Document-13-Arbitration-Final-Award.pdf\" target=\"_blank\" rel=\"noopener noreferrer\">sa sentence arbitrale finale <\/a> le 28 f\u00e9vrier 2022, quelques jours avant la date pr\u00e9vue.<\/p>\n<p>La sentence arbitrale finale a \u00e9tabli que l&rsquo;accord de 1878 \u00e9tait bien un bail, mais que, contrairement aux protestations ult\u00e9rieures de la Malaisie, les requ\u00e9rants ne pouvaient rien faire pour r\u00e9clamer le territoire.\u00a0 Au lieu de cela, Stampa a accord\u00e9 aux demandeurs des dommages et int\u00e9r\u00eats d&rsquo;un montant de pr\u00e8s de 15 milliards de dollars, correspondant \u00e0 15 % de la valeur du p\u00e9trole et du gaz d\u00e9couverts sur le territoire et dont l&rsquo;exploitation est pr\u00e9vue entre 2013 et 2044.<\/p>\n<p>L&rsquo;attribution de la sentence arbitrale finale a \u00e9t\u00e9 une d\u00e9cision courageuse ou t\u00e9m\u00e9raire, selon les points de vue. Ce qui est certain, Stampa continue de payer pour sa d\u00e9cision &#8211; il a \u00e9t\u00e9 poursuivi et, en d\u00e9cembre 2023, condamn\u00e9 pour avoir eu la t\u00e9m\u00e9rit\u00e9 d&rsquo;aller jusqu&rsquo;au bout de sa nomination &#8211; au grand dam d&rsquo;un gouvernement revanchard.<\/p>\n<p>Ce gouvernement n&rsquo;est pas une r\u00e9publique banani\u00e8re : c&rsquo;est l&rsquo;Espagne, membre \u00e0 part enti\u00e8re de l&rsquo;UE et de l&rsquo;OTAN depuis 1986.\u00a0 Mais sous le vernis d\u2019un pays sophistiqu\u00e9 de premier rang mondial, se dissimule clairement une mentalit\u00e9 de gangster qui n\u2019a pas \u00e9volu\u00e9 au sein de la magistrature, du barreau et des industries de l\u2019export qui peuvent manipuler le minist\u00e8re des affaires \u00e9trang\u00e8res.\u00a0 L&rsquo;\u00c9tat de droit est pour ceux qui jouent le sale jeu ; ceux qui ne le font pas &#8211; comme Stampa &#8211; verront leur libert\u00e9 guillotin\u00e9e et leur r\u00e9putation en lambeaux.<\/p>\n<p>R\u00e9cemment, la Malaisie a d\u00e9clar\u00e9 que l&rsquo;un des demandeurs \u00e9tait un terroriste, all\u00e9guant qu&rsquo;il \u00e9tait effectivement impliqu\u00e9 dans l&rsquo;affaire Lahad Datu.\u00a0 Il est r\u00e9v\u00e9lateur de constater que la Malaisie n&rsquo;a jamais fait de telle d\u00e9claration au cours des dix ann\u00e9es pr\u00e9c\u00e9dentes, bien qu&rsquo;elle ait eu tout le temps d&rsquo;identifier les personnes associ\u00e9es \u00e0 l&rsquo;incursion.\u00a0 Il est tout aussi notable de constater que la Malaisie n&rsquo;a toujours publi\u00e9 de preuves pour \u00e9tayer ses all\u00e9gations de terrorisme, ni communiqu\u00e9 de donn\u00e9es \u00e0 ses <em>v\u00e9ritables <\/em>partenaires internationaux contre de <em>v\u00e9ritables <\/em>terroristes.<\/p>\n<p>Dans la m\u00eame veine, en mai 2023, <a href=\"https:\/\/www.nst.com.my\/news\/crime-courts\/2023\/05\/914894\/igp-claims-so-called-sulu-sultanate-heirs-national-security-threat#google_vignette\" target=\"_blank\" rel=\"noopener\">le chef de la police de<\/a> a accusa tous les demandeurs de \u00ab\u00a0sabotage\u00a0\u00bb et \u00e9tre une menace pour la s\u00e9curit\u00e9 nationale. Le crime ? Avoir d\u00e9pos\u00e9 une plainte contre la Malaisie. Ainsi, apparemment, en ce qui concerne la Malaisie, c&rsquo;est un crime de porter plainte contre l&rsquo;\u00c9tat, tout comme en Espagne, il semble qu\u2019il soit un crime d&rsquo;arbitrer une telle plainte. Tout \u00e7a pour un syst\u00e8me international absent.<\/p>\n<p>La Malaisie a en effet introduit un recours contre la sentence arbitrale finale en France, le nouveau si\u00e8ge.\u00a0 Cette contestation est en cours.\u00a0 Le TSJM ne pouvait pas examiner un tel recours &#8211; et encore moins une d\u00e9claration d&rsquo;invalidit\u00e9 &#8211; parce que l&rsquo;Espagne n&rsquo;\u00e9tait pas le si\u00e8ge de la sentence arbitrale finale.<\/p>\n<p>En ce qui concerne la sentence arbitrale pr\u00e9liminaire, la bonne fa\u00e7on de l&rsquo;invalider \u00e9tait d&rsquo;engager une proc\u00e9dure de contestation en vertu de l&rsquo;article 42 de la loi espagnole sur l&rsquo;arbitrage &#8211; pr\u00e9cis\u00e9ment la proc\u00e9dure que la Malaisie avait lanc\u00e9e en octobre 2020, que le greffier avait \u00e9cart\u00e9e du bordereau en septembre 2021 et que la Malaisie n&rsquo;avait pas r\u00e9ussi \u00e0 ressusciter en temps voulu.<\/p>\n<p>On nous dit que l&rsquo;ambassadeur de Malaisie en Espagne n&rsquo;a jamais envoy\u00e9 le jugement du TSJM du 1er d\u00e9cembre au procureur espagnol.\u00a0 (Pour rappel, ce jugement d\u00e9clarait que Stampa \u00e9tait incontestablement l&rsquo;arbitre, et confirmait sa sentence arbitrale pr\u00e9liminaire, ce qui rendait absurde les poursuites engag\u00e9es par la suite contre Stampa pour avoir ignor\u00e9 la demande d&rsquo;un greffier lui demandant de se d\u00e9mettre de ses fonctions ! La Malaisie pr\u00e9tend \u00e0 plusieurs reprises que cela ne s&rsquo;est pas produit).\u00a0 Cette suggestion semble absurde et serait probablement criminelle si elle \u00e9tait vraie.\u00a0 Cependant, <a href=\"https:\/\/www.suluarbitration.com\/wp-content\/uploads\/2024\/06\/Key-Document-4-Azalinas-eBook.pdf\" target=\"_blank\" rel=\"noopener noreferrer\">jetez un coup d&rsquo;\u0153il \u00e0 l&rsquo;e &#8211; Book<\/a> que le Premier ministre, le ministre et le gouvernement malaisien ont sign\u00e9 en f\u00e9vrier 2024.\u00a0 <a href=\"https:\/\/www.suluarbitration.com\/wp-content\/uploads\/2024\/06\/Key-Document-16-Stampa-confirmed-by-Dec-1-Judgment.pdf\" target=\"_blank\" rel=\"noopener noreferrer\">Ce jugement a \u00e9t\u00e9 soigneusement supprim\u00e9 <\/a>!<\/p>\n<p>En r\u00e9sum\u00e9, M. Stampa a \u00e9t\u00e9 accus\u00e9 d&rsquo;avoir d\u00e9sob\u00e9i \u00e0 des juges qui ne l&rsquo;avaient jamais contact\u00e9, ne lui avaient jamais dit qu&rsquo;il d\u00e9sob\u00e9issait, ne l&rsquo;avaient jamais menac\u00e9 ou intent\u00e9 d&rsquo;action contre lui. Et lorsqu&rsquo;il a \u00e9t\u00e9 tra\u00een\u00e9 devant les tribunaux en 2023, c&rsquo;\u00e9tait un an apr\u00e8s que ces m\u00eames juges aient, presque un an plus t\u00f4t, confirm\u00e9 que lui-m\u00eame et sa sentence arbitrale \u00e9taient valides et ne pouvaient \u00eatre annul\u00e9s. Lorsque le juge Santos Vijande r\u00e9diga une attaque cinglante dans le cadre de ce jugement, il qualifia l&rsquo;affaire malaisienne de fraude proc\u00e9durale. On peut se demander ce que les juges du TSJM ont ressenti lorsque Stampa &#8211; dans le prolongement de la m\u00eame fraude proc\u00e9durale &#8211; a \u00e9t\u00e9 reconnu coupable de leur avoir d\u00e9sob\u00e9i.<\/p>\n<p>Stampa a \u00e9t\u00e9 reconnu coupable en d\u00e9cembre 2023 et condamn\u00e9 \u00e0 une peine de deux ans avec sursis. Sa reputation a \u00e9t\u00e9 martel\u00e9e, bris\u00e9e par la Malaisie par l&rsquo;interm\u00e9diaire de ses hommes de main en relation publique. L&rsquo;objectif ? Influencer les juges fran\u00e7ais et les juges d&rsquo;autres juridictions contre la protection et l&rsquo;application de cet arbitrage.<\/p>\n<\/div><\/div><\/div><\/div><\/div>\n","protected":false},"excerpt":{"rendered":"","protected":false},"author":1,"featured_media":0,"parent":686,"menu_order":0,"comment_status":"closed","ping_status":"closed","template":"100-width.php","meta":{"footnotes":""},"class_list":["post-693","page","type-page","status-publish","hentry"],"_links":{"self":[{"href":"https:\/\/www.suluarbitration.com\/fr\/wp-json\/wp\/v2\/pages\/693","targetHints":{"allow":["GET"]}}],"collection":[{"href":"https:\/\/www.suluarbitration.com\/fr\/wp-json\/wp\/v2\/pages"}],"about":[{"href":"https:\/\/www.suluarbitration.com\/fr\/wp-json\/wp\/v2\/types\/page"}],"author":[{"embeddable":true,"href":"https:\/\/www.suluarbitration.com\/fr\/wp-json\/wp\/v2\/users\/1"}],"replies":[{"embeddable":true,"href":"https:\/\/www.suluarbitration.com\/fr\/wp-json\/wp\/v2\/comments?post=693"}],"version-history":[{"count":4,"href":"https:\/\/www.suluarbitration.com\/fr\/wp-json\/wp\/v2\/pages\/693\/revisions"}],"predecessor-version":[{"id":706,"href":"https:\/\/www.suluarbitration.com\/fr\/wp-json\/wp\/v2\/pages\/693\/revisions\/706"}],"up":[{"embeddable":true,"href":"https:\/\/www.suluarbitration.com\/fr\/wp-json\/wp\/v2\/pages\/686"}],"wp:attachment":[{"href":"https:\/\/www.suluarbitration.com\/fr\/wp-json\/wp\/v2\/media?parent=693"}],"curies":[{"name":"wp","href":"https:\/\/api.w.org\/{rel}","templated":true}]}}