{"id":700,"date":"2024-06-29T15:35:28","date_gmt":"2024-06-29T15:35:28","guid":{"rendered":"https:\/\/www.suluarbitration.com\/lhistoire\/targeting-the-arbitrator-2021-2022\/"},"modified":"2024-07-15T16:18:24","modified_gmt":"2024-07-15T16:18:24","slug":"targeter-larbitrage-2021-a-2022","status":"publish","type":"page","link":"https:\/\/www.suluarbitration.com\/fr\/lhistoire\/targeter-larbitrage-2021-a-2022\/","title":{"rendered":"Cibler l\u2019arbitre: 2021 \u00e0  2022"},"content":{"rendered":"<div class=\"fusion-fullwidth fullwidth-box fusion-builder-row-1 fusion-flex-container has-pattern-background has-mask-background nonhundred-percent-fullwidth non-hundred-percent-height-scrolling\" style=\"--awb-border-radius-top-left:0px;--awb-border-radius-top-right:0px;--awb-border-radius-bottom-right:0px;--awb-border-radius-bottom-left:0px;--awb-padding-top:4%;--awb-padding-right:4%;--awb-padding-bottom:4%;--awb-padding-left:4%;--awb-flex-wrap:wrap;\" ><div class=\"fusion-builder-row fusion-row fusion-flex-align-items-flex-start fusion-flex-content-wrap\" style=\"max-width:1248px;margin-left: calc(-4% \/ 2 );margin-right: calc(-4% \/ 2 );\"><div class=\"fusion-layout-column fusion_builder_column fusion-builder-column-0 fusion_builder_column_1_1 1_1 fusion-flex-column\" style=\"--awb-bg-blend:overlay;--awb-bg-size:cover;--awb-width-large:100%;--awb-margin-top-large:0px;--awb-spacing-right-large:1.92%;--awb-margin-bottom-large:0px;--awb-spacing-left-large:1.92%;--awb-width-medium:100%;--awb-spacing-right-medium:1.92%;--awb-spacing-left-medium:1.92%;--awb-width-small:100%;--awb-spacing-right-small:1.92%;--awb-spacing-left-small:1.92%;\"><div class=\"fusion-column-wrapper fusion-flex-justify-content-flex-start fusion-content-layout-column\"><div class=\"fusion-section-separator section-separator hills-opacity fusion-section-separator-1\" style=\"--awb-spacer-padding-top:inherit;--awb-svg-margin-left:1.92%;--awb-svg-margin-right:1.92%;--awb-svg-margin-left-medium:1.92%;--awb-svg-margin-right-medium:1.92%;--awb-svg-margin-left-small:1.92%;--awb-svg-margin-right-small:1.92%;--awb-divider-height:100px;--awb-spacer-height:100px;--awb-sep-font-size:0;--awb-sep-line-height:0;\"><div class=\"fusion-section-separator-svg\"><svg class=\"fusion-hills-opacity-candy\" xmlns=\"http:\/\/www.w3.org\/2000\/svg\" version=\"1.1\" width=\"100%\" viewBox=\"0 -0.5 1024 182\" preserveAspectRatio=\"none\" fill=\"rgba(133,151,153,1)\"><path class=\"st0\" d=\"M0 182.086h1024V41.593c-28.058-21.504-60.109-37.581-97.075-37.581-112.845 0-198.144 93.798-289.792 93.798S437.658 6.777 351.846 6.777s-142.234 82.125-238.49 82.125c-63.078 0-75.776-31.744-113.357-53.658L0 182.086z\"\/>\n\t\t\t\t\t\t\t\t\t<path class=\"st1\" d=\"M1024 181.062v-75.878c-39.731 15.872-80.794 27.341-117.658 25.805-110.387-4.506-191.795-109.773-325.53-116.224-109.158-5.12-344.166 120.115-429.466 166.298H1024v-.001z\"\/>\n\t\t\t\t\t\t\t\t\t<path class=\"st2\" d=\"M0 182.086h1024V90.028C966.451 59.103 907.059 16.3 824.115 15.071 690.278 13.023 665.19 102.93 482.099 102.93S202.138-1.62 74.24.019C46.49.326 21.811 4.217 0 9.849v172.237z\"\/>\n\t\t\t\t\t\t\t\t\t<path class=\"st3\" d=\"M0 182.086h1024V80.505c-37.171 19.558-80.691 35.328-139.571 36.25-151.142 2.355-141.619-28.57-298.496-29.184s-138.854 47.002-305.459 43.725C132.813 128.428 91.238 44.563 0 28.179v153.907z\"\/>\n\t\t\t\t\t\t\t\t\t<path class=\"st4\" d=\"M0 182.086h1024v-77.312c-49.05 20.07-120.525 42.394-193.229 42.086-128.922-.512-159.846-72.294-255.795-72.294-89.088 0-134.656 80.179-245.043 82.022S169.063 99.346 49.971 97.401C32.768 97.094 16.077 99.244 0 103.135v78.951z\"\/>\n\t\t\t\t\t\t\t\t<\/svg><\/div><div class=\"fusion-section-separator-spacer\"><div class=\"fusion-section-separator-spacer-height\"><\/div><\/div><\/div><div class=\"fusion-title title fusion-title-1 fusion-sep-none fusion-title-text fusion-title-size-three\" style=\"--awb-margin-top:2%;\"><h3 class=\"fusion-title-heading title-heading-left\" style=\"margin:0;\"><strong>Targeter l&rsquo;arbitrage : 2021 \u00e0 2022<\/strong><\/h3><\/div><div class=\"fusion-text fusion-text-1\"><h5>Nous arrivons maintenant \u00e0 la partie la plus sinistre de l&rsquo;histoire. Revenons un instant en arri\u00e8re, jusqu&rsquo;en mars 2019.<\/h5>\n<h4>Comment retenir un navire qui a d\u00e9j\u00e0 navigu\u00e9?<\/h4>\n<p>La Malaisie a d\u00fb mettre fin \u00e0 l&rsquo;arbitrage, alors qu&rsquo;il \u00e9tait pratiquement termin\u00e9, sans plaider l&rsquo;affaire.\u00a0 Le seul moyen d&rsquo;y parvenir \u00e9tait d&rsquo;\u00e9vincer l&rsquo;\u00e9minent arbitre qui avait \u00e9t\u00e9 propos\u00e9 par le barreau espagnol et choisi dans un chapeau par le tribunal espagnol, et qui n&rsquo;avait pas \u00e9t\u00e9 rejet\u00e9 \u00e0 l&rsquo;\u00e9poque par la Malaisie.<\/p>\n<p>Il n&rsquo;\u00e9tait pas r\u00e9aliste de s&rsquo;opposer \u00e0 lui personnellement.\u00a0 L&rsquo;attaquer personnellement n&rsquo;est devenu une campagne que lorsque, plus tard, il a refus\u00e9 de se conformer \u00e0 une instruction corrompue d&rsquo;un fonctionnaire du tribunal.\u00a0\u00a0 Ils ont donc d\u00fb essayer d&rsquo;obtenir des autorit\u00e9s espagnoles qu&rsquo;elles reviennent sur toutes les d\u00e9cisions.\u00a0 Et, avec l&rsquo;aide des autorit\u00e9s espagnoles et de quelques avocats espagnols astucieux, c&rsquo;est ce qu&rsquo;ils ont entrepris de faire.<\/p>\n<p>Vous vous souvenez peut-\u00eatre que la d\u00e9cision du tribunal de grande instance de Madrid (TSJM) de nommer un arbitre n&rsquo;\u00e9tait pas susceptible d&rsquo;appel.\u00a0 Ceci n\u2019est pas exact \u00e0 100%. En effet, une partie perdante peut demander une \u00ab\u00a0<em>vacatura extraordinaire<\/em>\u00a0\u00bb d&rsquo;une d\u00e9cision si elle d\u00e9couvre quelque chose qui lui cause une <em>ind\u00e9fension real <\/em>(ce qui se traduit par une \u00ab\u00a0absence r\u00e9elle de d\u00e9fense\u00a0\u00bb ou, de mani\u00e8re moins pr\u00e9cise mais peut-\u00eatre plus appropri\u00e9e en vertu de la common law, un \u00ab\u00a0pr\u00e9judice grave\u00a0\u00bb).\u00a0 Il s&rsquo;agit d&rsquo;une situation tr\u00e8s inhabituelle qui d\u00e9trui la capacit\u00e9 d&rsquo;une partie \u00e0 prendre part \u00e0 une affaire.<\/p>\n<p>La Malaisie \u00e9tait d\u00e9sesp\u00e9r\u00e9e. Elle avait d\u00e9cid\u00e9 de mani\u00e8re d\u00e9sastreuse de ne pas d\u00e9fendre ses int\u00e9r\u00eats dans l&rsquo;arbitrage. Mais c&rsquo;\u00e9tait avant qu&rsquo;elle n&rsquo;ait vu le r\u00e9sultat de la r\u00e9compense pr\u00e9liminaire et l&rsquo;ampleur fracassante de la d\u00e9clar\u00e2t de la demande que nous avons d\u00e9pos\u00e9, \u00e0 la suite de la r\u00e9compense pr\u00e9liminaire, en 2020.<\/p>\n<p>Notre dossier juridique \u00e9tait solide.\u00a0 Notre proc\u00e9dure \u00e9tait sans faille. Mais la Malaisie devait trouver une faille \u00e0 laquelle nous ne pouvions r\u00e9pondre. Elle a donc \u00e9labor\u00e9 un plan pour gonfler le probl\u00e8me mineur de la proc\u00e9dure diplomatique du minist\u00e8re espagnol des affaires \u00e9trang\u00e8res consistant \u00e0 remettre les documents du tribunal au gouvernement malaisien en 2019.\u00a0 La Malaisie pouvait-elle en faire une raison d&rsquo;annuler l&rsquo;arbitrage en cours ?\u00a0 C&rsquo;\u00e9tait beaucoup trop mince, et la Malaisie aurait besoin de beaucoup d&rsquo;aide.\u00a0 Et elle aurait besoin de l&rsquo;aide de fonctionnaires espagnols.\u00a0 Cela notamment des personnes du minist\u00e8re espagnol des affaires \u00e9trang\u00e8res pr\u00eates \u00e0 critiquer ses propres actions, dans le cadre de preuve judiciaire qui humilierait l&rsquo;Espagne (si d\u2019aucun regardait) mais qui aiderait la Malaisie.\u00a0 Nous verrons <a href=\"https:\/\/ciarglobal.com\/denuncian-presion-del-gobierno-espanol-en-arbitraje-de-los-herederos-de-sulu\/\" target=\"_blank\" rel=\"noopener\">ici<\/a> et ci-dessous quelques indicateurs des raisons pour lesquelles le gouvernement espagnol serait pr\u00eat \u00e0 agir de la sorte.\u00a0 Avec un accord de d\u00e9fense en perspective et un client en col\u00e8re et frustr\u00e9 avec une demande de 32 milliards de dollars d\u00e9pos\u00e9e devant un tribunal espagnol, rien n&rsquo;allait \u00eatre trop difficile.<\/p>\n<p>Mais il y avait un autre probl\u00e8me avec ce plan.\u00a0 En vertu du droit espagnol, toute partie qui invoque une \u00ab\u00a0<em>indefension real<\/em>\u00a0\u00bb doit alerter le tribunal et intenter une action dans les 20 jours suivant la d\u00e9couverte du probl\u00e8me.\u00a0 Or, la Malaisie savait exactement comment les documents lui avaient \u00e9t\u00e9 signifi\u00e9s depuis le jour o\u00f9 ils \u00e9taient arriv\u00e9s \u00e0 l&rsquo;ambassade de Madrid et o\u00f9 ils avaient \u00e9t\u00e9 officiellement reconnus en 2018.\u00a0\u00a0 Pire encore, la Malaisie avait \u00e9galement fait r\u00e9f\u00e9rence \u00e0 cette proc\u00e9dure de notification lorsqu&rsquo;elle a intent\u00e9 une action anti-arbitrage complexe devant ses propres tribunaux \u00e0 la fin de l&rsquo;ann\u00e9e 2019.\u00a0 Les avocats espagnols pr\u00e9f\u00e9r\u00e9s de la Malaisie, du cabinet Uria Menendez, \u00e9taient les auteurs de ce point. Ainsi, ils avaient formellement document\u00e9 le fait qu&rsquo;ils n&rsquo;aimaient pas la fa\u00e7on dont les d\u00e9p\u00f4ts avaient \u00e9t\u00e9 livr\u00e9s, d\u00e8s 2019.\u00a0 En 2020, changeant soudainement de strat\u00e9gie, il \u00e9tait trop tard pour introduire une objection \u00e0 vingt jours.<\/p>\n<p>La solution consistait \u00e0 faire appel \u00e0 un avocat qui <em>n&rsquo;<\/em>avait <em>pas <\/em>encore soulev\u00e9 ce point et le lui faire \u00ab\u00a0d\u00e9couvrir\u00a0\u00bb.\u00a0 Et il ne pouvait pas s&rsquo;appuyer sur les <em>propres <\/em>dossiers de la Malaisie, car cela aurait montr\u00e9 que la Malaisie \u00e9tait au courant de cette question &#8211; et n&rsquo;avait pas agi en cons\u00e9quence &#8211; depuis de nombreux mois.<\/p>\n<p>La Malaisie a donc reconfi\u00e9 la mission \u00e0 un autre avocat, David Arias, du cabinet Herbert Smith Freehills, en 2020.\u00a0 Il a adress\u00e9 une demande officielle au tribunal TSJM pour obtenir l&rsquo;ensemble du dossier judiciaire de 2018 \u00e0 2019.\u00a0 Le greffier refusa, sans surprise, \u00e9tant donn\u00e9 que a) la Malaisie poss\u00e9dait d\u00e9j\u00e0 le dossier et que b) l&rsquo;affaire \u00e9tait close.<\/p>\n<p>Finalement, les juges du TSJM ont pass\u00e9 outre leur propre greffier, qui a \u00e9t\u00e9 contraint de remettre le dossier. (Pour m\u00e9moire, nos avocats ne s&rsquo;y sont pas oppos\u00e9s, n&rsquo;ayant \u00e0 ce stade aucune id\u00e9e de ce jeu).\u00a0 En mars 2021, apr\u00e8s des mois de retards impr\u00e9vus, M. Arias a pu lire pour la \u00ab\u00a0premi\u00e8re\u00a0\u00bb fois les documents que son client d\u00e9tenait depuis plus d&rsquo;un an et d\u00e9poser une plainte selon laquelle &#8230; le minist\u00e8re espagnol des affaires \u00e9trang\u00e8res avait enfreint le protocole diplomatique dans une mesure telle &#8211; jamais expliqu\u00e9e &#8211; que la Malaisie \u00e9tait juridiquement paralys\u00e9e.<\/p>\n<p>En recevant cela, les juges n&rsquo;ont pas ri, pour autant que nous le sachions.\u00a0 Ils ont accept\u00e9 et ont demand\u00e9 au minist\u00e8re des affaires \u00e9trang\u00e8res, de mani\u00e8re spectaculaire, un \u00ab\u00a0avis d&rsquo;urgence\u00a0\u00bb sur la question de savoir si son engagement diplomatique avec la Malaisie avait \u00e9t\u00e9 correct. Les juges ont ignor\u00e9 le fait qu&rsquo;il n&rsquo;existe pas d'\u00a0\u00bbavis d&rsquo;urgence\u00a0\u00bb en la mati\u00e8re : les demandes d&rsquo;avis consultatifs adress\u00e9es au minist\u00e8re espagnol des affaires \u00e9trang\u00e8res sont limit\u00e9es aux questions relatives \u00e0 l&rsquo;immunit\u00e9 souveraine.\u00a0 Et si un tribunal voulait vraiment un avis objectif sur la l\u00e9galit\u00e9 des actions d&rsquo;un minist\u00e8re, pourquoi demander au service juridique de ce m\u00eame minist\u00e8re ?\u00a0\u00a0 Pourquoi ne pas demander l&rsquo;avis d&rsquo;un expert ind\u00e9pendant ? \u00c0 moins que vous n&rsquo;esp\u00e9riez une r\u00e9ponse particuli\u00e8re et planifi\u00e9e \u00e0 l&rsquo;avance &#8211; comme cela a \u00e9t\u00e9 <a href=\"https:\/\/www.capitalmadrid.com\/2023\/11\/24\/66263\/intereses-economicos-y-politicos-se-cruzan-en-el-arbitraje-entre-malasia-y-los-herederos-del-sultan-de-sulu.html\" target=\"_blank\" rel=\"noopener\">all\u00e9gu\u00e9 ailleurs<\/a>.<\/p>\n<p>Les raisons pour lesquelles les juges ont choisi d&rsquo;agir de la sorte sont malheureusement \u00e9videntes.\u00a0 Moins de 24 heures apr\u00e8s avoir re\u00e7u cette demande, le service juridique du minist\u00e8re des affaires \u00e9trang\u00e8res a r\u00e9pondu par une analyse complexe qui a boulevers\u00e9 ses propres proc\u00e9dures ant\u00e9rieures. Aucun minist\u00e8re des affaires \u00e9trang\u00e8res au monde n&rsquo;est en mesure d&rsquo;examiner une question constitutionnelle complexe, d&rsquo;\u00e9valuer toutes les options, de se forger une opinion qui va \u00e0 l&rsquo;encontre de ses propres pratiques ant\u00e9rieures et de le r\u00e9diger sous la forme d&rsquo;un document juridique en moins de 24 heures.\u00a0 Avec le plus grand respect pour les fonctionnaires et les juristes du monde entier, cette rapidit\u00e9 de r\u00e9action &#8211; assurant \u00e0 nos juristes de ne pas pouvoir r\u00e9agir &#8211; est sans pr\u00e9c\u00e9dent pour les juristes des minist\u00e8res, o\u00f9 que ce soit.\u00a0 Et si nous devions les croire, ainsi que le TSJM, ils ont fait tout cela sans aucun avertissement pr\u00e9able ou coordination pr\u00e9alable.\u00a0 Oui, ben voyons..<\/p>\n<p>(Nous avons d\u00e9pos\u00e9 une demande et attendons actuellement de savoir si les trois juges confirmeront publiquement et pour m\u00e9moire que tout cela s&rsquo;est d\u00e9roul\u00e9 sans ing\u00e9rence politique.\u00a0 Une question dangereuse et difficile \u00e0 r\u00e9pondre).<\/p>\n<p>Le nouvel avis du minist\u00e8re indique que la r\u00e9ception et l&rsquo;accus\u00e9 de r\u00e9ception officiel du document par l&rsquo;ambassade de Malaisie \u00e0 Madrid n&rsquo;\u00e9taient pas la bonne proc\u00e9dure ; les documents judiciaires auraient d\u00fb \u00eatre remis par l&rsquo;ambassade d&rsquo;Espagne \u00e0 Kuala Lumpur.<\/p>\n<p>Pour croire \u00e0 la version de la Malaisie, le tribunal a d\u00fb accepter trois propositions erron\u00e9es :<\/p>\n<ul>\n<li>Premi\u00e8rement, la Malaisie n&rsquo;a pas eu connaissance des faits relatifs \u00e0 la livraison des documents en 2018 jusqu\u2019en mars 2021.<\/li>\n<li>Deuxi\u00e8mement, le tribunal devait croire (ou professer qu&rsquo;il croyait) que le vice de forme consistant \u00e0 signifier le document par l&rsquo;interm\u00e9diaire d&rsquo;une ambassade en un lieu donn\u00e9, plut\u00f4t que par une autre ambassade en un autre lieu, portait un pr\u00e9judice si fondamental \u00e0 la Malaisie qu&rsquo;elle n&rsquo;avait aucun moyen de se d\u00e9fendre. (Toute personne lisant ceci supposerait que la Malaisie pr\u00e9tendait qu&rsquo;elle n&rsquo;avait pas re\u00e7u le ou les documents.\u00a0 Ou peut-\u00eatre pas dans son int\u00e9gralit\u00e9.\u00a0 Non : la Malaisie a toujours admis qu&rsquo;elle les avait re\u00e7us, mais que l&rsquo;\u00e9tiquette n&rsquo;\u00e9tait pas la bonne).<\/li>\n<li>Troisi\u00e8mement, le tribunal a d\u00fb croire que David Arias, de Herbert Smith Freehills, n&rsquo;avait jamais lu le dossier du client en 2019 lorsqu&rsquo;il a \u00e9t\u00e9 bri\u00e8vement choisi \u00e0 propos de l&rsquo;arbitrage, et qu&rsquo;il n&rsquo;avait jamais re\u00e7u d&rsquo;informations de son client ou de ses coll\u00e8gues avocats sur la question de l&rsquo;\u00e9tiquette diplomatique lorsqu&rsquo;il a \u00e9t\u00e9 embauch\u00e9. Herbert Smith Freehills est un excellent cabinet, et M. Arias a la r\u00e9putation d&rsquo;\u00eatre un professionnel exp\u00e9riment\u00e9 et intelligent.\u00a0 Son client est une nation dont le procureur g\u00e9n\u00e9ral est directement en charge de l&rsquo;affaire.\u00a0 Comment a-t-il pu <em>ne pas \u00eatre <\/em>inform\u00e9 ?\u00a0 Et comment a-t-il pu pr\u00e9tendre que son client &#8211; dirig\u00e9 par une chambre du procureur g\u00e9n\u00e9ral ayant port\u00e9 cette question devant les tribunaux \u00e0 Kota Kinabalu en 2019 &#8211; n&rsquo;en avait pas entendu parler jusqu\u2019en avant 2021?<\/li>\n<\/ul>\n<p>Pourquoi le gouvernement espagnol est-il intervenu \u00e0 ce stade ?\u00a0\u00a0 Il est all\u00e9gu\u00e9 que cela pourrait bien avoir un rapport avec un appel d&rsquo;offres lanc\u00e9 par l&rsquo;arm\u00e9e malaisienne pour certains avions.\u00a0 Airbus, le conglom\u00e9rat europ\u00e9en, poss\u00e8de une grande usine \u00e0 S\u00e9ville ; cette usine \u00e9tait responsable de la fabrication de l&rsquo;avion en question.\u00a0 La Malaisie \u00e9tait en trans de r\u00e9duire la liste des soumissionnaires en 2020 et 2021.\u00a0 Soyons clair, il s&rsquo;agit l\u00e0 de sp\u00e9culation.<\/p>\n<p>Plus g\u00e9n\u00e9ralement, la Malaisie est un pays important, avec des int\u00e9r\u00eats industriels majeurs \u00e0 long terme et une coop\u00e9ration en mati\u00e8re de s\u00e9curit\u00e9.\u00a0 Elle vote aux Nations unies.\u00a0 Les pays ont besoin d&rsquo;amis et de coop\u00e9ration. L&rsquo;Espagne s&rsquo;est retrouv\u00e9e \u00e0 accueillir un arbitrage qui venait d&rsquo;\u00eatre \u00e9valu\u00e9 \u00e0 32 milliards de dollars, dans lequel les plaignants sont une famille d&rsquo;individus, sans programme d&rsquo;approvisionnement militaire, sans p\u00e9trole, sans huile de palme, sans \u00e9conomie, sans vote \u00e0 l&rsquo;ONU. \u00c0 ce stade, il n&rsquo;\u00e9tait pas tr\u00e8s connu que nous disposions d&rsquo;un soutien financier en cas de litige.\u00a0 Si la Malaisie demandait l&rsquo;aide de gouvernements \u00e9trangers, comme elle le dit fi\u00e8rement au monde entier, qui le saurait ?<\/p>\n<p>Mais il y a un autre angle qui devient maintenant \u00e9vident.\u00a0 D\u00e8s 2018, le minist\u00e8re espagnol des Affaires \u00e9trang\u00e8res avait estim\u00e9 que la Malaisie ne pouvait pas invoquer la d\u00e9fense de l&rsquo;immunit\u00e9 souveraine contre cette demande d&rsquo;arbitrage.\u00a0 Ce qui est normal.\u00a0 Mais en 2020, un certain scandale espagnol, avec des parall\u00e8les g\u00eanants, \u00e9mergeait.\u00a0 L&rsquo;Espagne avait conclu des accords peu judicieux dans le domaine des \u00e9nergies renouvelables, dans le cadre desquels le gouvernement avait garanti les investissements \u00e9trangers.\u00a0 Les contrats se sont effondr\u00e9s et les investisseurs ont commenc\u00e9 \u00e0 gagner des proc\u00e8s d&rsquo;arbitrage pour obtenir des compensations.\u00a0 M\u00eame si l&rsquo;Espagne n&rsquo;avait pas voulu aider la Malaisie, elle ne voulait absolument pas promouvoir la cause de l&rsquo;arbitrage d\u00e9s investisseurs contre un \u00c9tat.\u00a0 Le minist\u00e8re \u00e9tait maintenant constern\u00e9 de voir qu&rsquo;il avait accept\u00e9 le droit de Sulu \u00e0 l&rsquo;arbitrage contre un \u00c9tat souverain.\u00a0 Nous d\u00e9couvrirons bient\u00f4t comment la Malaisie et l&rsquo;Espagne ont travaill\u00e9 ensemble dans cette affaire, \u00e0 Bruxelles, pas plus tard qu&rsquo;en 2024.<\/p>\n<p>Tout comme en 2018, les fonctionnaires du minist\u00e8re ne pouvaient pas se douter qu&rsquo;ils allaient, quelques ann\u00e9es plus tard, regretter profond\u00e9ment leur \u00e9valuation honn\u00eate de la demande de Sulu.\u00a0 Qui aurait pu imaginer qu\u2019en 2021, avec cette chicanerie, ce jeu se terminerait en 2023 par la poursuite de l&rsquo;un des plus grands arbitres espagnols, pour avoir refus\u00e9 de se conformer et de se taire?<\/p>\n<h4>Y a-t-il quelque raison logique pour laquelle le minist\u00e8re espagnol des affaires \u00e9trang\u00e8res aurait d\u00fb notifier les documents \u00e0 la Malaisie \u00e0 Kuala Lumpur, et non \u00e0 Madrid, et porter pr\u00e9judice \u00e0 la Malaisie en ne le faisant pas?<\/h4>\n<p>En y regardant de plus pr\u00e8s, tout ce que le minist\u00e8re des affaires \u00e9trang\u00e8res avait fait, c&rsquo;\u00e9tait de citer une s\u00e9rie de trait\u00e9s applicables et inapplicables.\u00a0 Le principal de ces trait\u00e9s est la Convention des Nations unies de 2004 sur les immunit\u00e9s juridictionnelles des \u00c9tats et de leurs biens (vous pouvez<a href=\"https:\/\/legal.un.org\/ilc\/texts\/instruments\/english\/conventions\/4_1_2004.pdf\" target=\"_blank\" rel=\"noopener\"> la consulter \u00e0 l&rsquo;adresse<\/a> ). L&rsquo;article 22, relatif \u00e0 la signification des actes de proc\u00e9dure aux \u00c9tats, stipule dans sa partie pertinente que, lorsque deux pays n&rsquo;ont pas d&rsquo;autre accord en place sur la mani\u00e8re de se signifier mutuellement des actes de proc\u00e9dure (comme c&rsquo;\u00e9tait le cas en l&rsquo;esp\u00e8ce), la signification doit se faire <em>\u00ab\u00a0par transmission <strong>par voie diplomatique <\/strong>au minist\u00e8re des affaires \u00e9trang\u00e8res de l&rsquo;\u00c9tat concern\u00e9\u00a0\u00bb.<\/em> (soulignement ajout\u00e9)<\/p>\n<p>En 2018, le minist\u00e8re espagnol des affaires \u00e9trang\u00e8res a conclu, \u00e0 juste titre, que cette disposition pr\u00e9voyait de servir un \u00c9tat par l&rsquo;interm\u00e9diaire de son ambassade \u00e0 Madrid.\u00a0 Apr\u00e8s tout, qu&rsquo;est-ce qui pourrait constituer un canal plus diplomatique qu&rsquo;une ambassade &#8211; g\u00e9r\u00e9e, comme toutes les ambassades, par le minist\u00e8re des affaires \u00e9trang\u00e8res de l&rsquo;\u00c9tat.\u00a0 Le canal diplomatique vers le minist\u00e8re malaisien des affaires \u00e9trang\u00e8res est logiquement l&rsquo;ambassade de ce minist\u00e8re.\u00a0 \u00c0 quoi d&rsquo;autre sert une ambassade ?<\/p>\n<p>Toutefois, apr\u00e8s avoir cit\u00e9 ce passage du trait\u00e9, l&rsquo;avis du minist\u00e8re des affaires \u00e9trang\u00e8res d\u00e9clare que sa propre m\u00e9thode de notification \u00e9tait erron\u00e9e et que la <u>seule <\/u>m\u00e9thode appropri\u00e9e pour notifier un souverain \u00e9tait de passer par l&rsquo;ambassade d&rsquo;Espagne <u>dans l&rsquo;\u00c9tat requis<\/u>, comme l&rsquo;avait sugg\u00e9r\u00e9 Uria Menendez.\u00a0 Il s&rsquo;agit l\u00e0 d&rsquo;une interpr\u00e9tation malhonn\u00eate de l&rsquo;expression \u00ab\u00a0par la voie diplomatique\u00a0\u00bb.<\/p>\n<p>Pour aller plus au fait, en quoi la Malaisie a-t-elle \u00e9t\u00e9 l\u00e9s\u00e9e en recevant les documents par l&rsquo;une ou l&rsquo;autre voie ?\u00a0 Elle ne l&rsquo;a pas \u00e9t\u00e9, et les juges du TSJM n&rsquo;\u00e9taient pas pr\u00eats \u00e0 expliquer comment &#8211; m\u00eame en th\u00e9orie &#8211; elle aurait pu l&rsquo;\u00eatre.\u00a0 Il s&rsquo;agissait d&rsquo;un autre tour de passe-passe qui ne r\u00e9siste pas \u00e0 la lumi\u00e8re. Le triomphe de la Malaisie a \u00e9t\u00e9 sap\u00e9 par le troisi\u00e8me juge du panel.\u00a0 Appelant les choses par leur nom, il a d\u00e9cri\u00e9 l&rsquo;invocation fictive par la Malaisie de la r\u00e8gle des 20 jours apr\u00e8s qu&rsquo;un groupe de ses avocats ait re\u00e7u le dossier complet de la Cour.\u00a0 Le juge dissident d\u00e9clara que la d\u00e9cision de la majorit\u00e9 ouvrait la porte \u00e0 tout plaideur qui n&rsquo;appr\u00e9ciait pas un jugement ant\u00e9rieur d\u2019inventer un nouveau fait ou une nouvelle circonstance justifiant un r\u00e9examen extraordinaire dans son propre d\u00e9lai.<\/p>\n<\/div><\/div><\/div><\/div><\/div>\n","protected":false},"excerpt":{"rendered":"","protected":false},"author":1,"featured_media":0,"parent":686,"menu_order":0,"comment_status":"closed","ping_status":"closed","template":"100-width.php","meta":{"footnotes":""},"class_list":["post-700","page","type-page","status-publish","hentry"],"_links":{"self":[{"href":"https:\/\/www.suluarbitration.com\/fr\/wp-json\/wp\/v2\/pages\/700","targetHints":{"allow":["GET"]}}],"collection":[{"href":"https:\/\/www.suluarbitration.com\/fr\/wp-json\/wp\/v2\/pages"}],"about":[{"href":"https:\/\/www.suluarbitration.com\/fr\/wp-json\/wp\/v2\/types\/page"}],"author":[{"embeddable":true,"href":"https:\/\/www.suluarbitration.com\/fr\/wp-json\/wp\/v2\/users\/1"}],"replies":[{"embeddable":true,"href":"https:\/\/www.suluarbitration.com\/fr\/wp-json\/wp\/v2\/comments?post=700"}],"version-history":[{"count":3,"href":"https:\/\/www.suluarbitration.com\/fr\/wp-json\/wp\/v2\/pages\/700\/revisions"}],"predecessor-version":[{"id":705,"href":"https:\/\/www.suluarbitration.com\/fr\/wp-json\/wp\/v2\/pages\/700\/revisions\/705"}],"up":[{"embeddable":true,"href":"https:\/\/www.suluarbitration.com\/fr\/wp-json\/wp\/v2\/pages\/686"}],"wp:attachment":[{"href":"https:\/\/www.suluarbitration.com\/fr\/wp-json\/wp\/v2\/media?parent=700"}],"curies":[{"name":"wp","href":"https:\/\/api.w.org\/{rel}","templated":true}]}}